{"id":9,"date":"2024-11-14T10:16:08","date_gmt":"2024-11-14T10:16:08","guid":{"rendered":"https:\/\/kgv-hohewarte2.de\/?page_id=9"},"modified":"2025-05-08T07:41:21","modified_gmt":"2025-05-08T07:41:21","slug":"services","status":"publish","type":"page","link":"https:\/\/kgv-hohewarte2.de\/?page_id=9","title":{"rendered":"Garten Tipps"},"content":{"rendered":"\n<div class=\"wp-block-uagb-container uagb-block-17de6d2a alignfull uagb-is-root-container\"><div class=\"uagb-container-inner-blocks-wrap\">\n<div class=\"wp-block-uagb-info-box uagb-block-cf25f5e6 uagb-infobox__content-wrap  uagb-infobox-icon-above-title uagb-infobox-image-valign-top wp-block-uagb-info-box--has-margin\"><div class=\"uagb-infobox-margin-wrapper\"><div class=\"uagb-ifb-content\"><div class=\"uagb-ifb-title-wrap\"><h1 class=\"uagb-ifb-title\">Garten Tipps<\/h1><\/div><p class=\"uagb-ifb-desc\">Was brauchst Du f\u00fcr Deinen Garten? Welche Pflege ist essentiell? Was kannst Du anpflanzen, was nicht? Wie oft solltest Du vor Ort sein?  Diese und weitere Fragen wollen wir hier beantworten.<\/p><\/div><\/div><\/div>\n<\/div><\/div>\n\n\n\n<div class=\"wp-block-uagb-advanced-heading uagb-block-243475fb\"><h2 class=\"uagb-heading-text\">Was Du f\u00fcr Deinen Garten ben\u00f6tigst&#8230;<\/h2><\/div>\n\n\n\n<div class=\"wp-block-uagb-container uagb-block-6991929f alignfull uagb-is-root-container\"><div class=\"uagb-container-inner-blocks-wrap\">\n<div class=\"wp-block-uagb-container uagb-block-c0f78104\">\n<div class=\"wp-block-uagb-image uagb-block-b6bc0cbf wp-block-uagb-image--layout-default wp-block-uagb-image--effect-static wp-block-uagb-image--align-none\"><figure class=\"wp-block-uagb-image__figure\"><img decoding=\"async\" srcset=\"https:\/\/kgv-hohewarte2.de\/wp-content\/uploads\/2025\/05\/computing-3622035_640.jpg ,https:\/\/kgv-hohewarte2.de\/wp-content\/uploads\/2025\/05\/computing-3622035_640.jpg 780w, https:\/\/kgv-hohewarte2.de\/wp-content\/uploads\/2025\/05\/computing-3622035_640.jpg 360w\" sizes=\"auto, (max-width: 480px) 150px\" src=\"https:\/\/kgv-hohewarte2.de\/wp-content\/uploads\/2025\/05\/computing-3622035_640.jpg\" alt=\"\" class=\"uag-image-2485\" width=\"490\" height=\"500\" title=\"computing-3622035_640\" loading=\"lazy\" role=\"img\"\/><\/figure><\/div>\n\n\n\n<div class=\"wp-block-uagb-container uagb-block-3a72cb6e\">\n<div class=\"wp-block-uagb-advanced-heading uagb-block-576be2f7\"><h5 class=\"uagb-heading-text\">Was Du alles f\u00fcr gute Gartenpflege ben\u00f6tigst&#8230;<\/h5><\/div>\n<\/div>\n<\/div>\n\n\n\n<div class=\"wp-block-uagb-container uagb-layout-grid uagb-block-894e6d02\">\n<div class=\"wp-block-uagb-info-box uagb-block-d8099710 uagb-infobox__content-wrap  uagb-infobox-icon-left uagb-infobox-left uagb-infobox-stacked-mobile uagb-infobox-image-valign-top wp-block-uagb-info-box--has-margin\"><div class=\"uagb-infobox-margin-wrapper\"><div class=\"uagb-ifb-icon-wrap\"><div class=\"uagb-iconbox-icon-wrap uagb-infobox-shape-circle\"><svg xmlns=\"https:\/\/www.w3.org\/2000\/svg\" viewBox=\"0 0 512 512\"><path d=\"M96 32C96 14.33 110.3 0 128 0H192C209.7 0 224 14.33 224 32V128H96V32zM224 160C277 160 320 202.1 320 256V464C320 490.5 298.5 512 272 512H48C21.49 512 0 490.5 0 464V256C0 202.1 42.98 160 96 160H224zM160 416C204.2 416 240 380.2 240 336C240 291.8 204.2 256 160 256C115.8 256 80 291.8 80 336C80 380.2 115.8 416 160 416zM384 48C384 49.36 383 50.97 381.8 51.58L352 64L339.6 93.78C338.1 95 337.4 96 336 96C334.6 96 333 95 332.4 93.78L320 64L290.2 51.58C288.1 50.97 288 49.36 288 48C288 46.62 288.1 45.03 290.2 44.42L320 32L332.4 2.219C333 1 334.6 0 336 0C337.4 0 338.1 1 339.6 2.219L352 32L381.8 44.42C383 45.03 384 46.62 384 48zM460.4 93.78L448 64L418.2 51.58C416.1 50.97 416 49.36 416 48C416 46.62 416.1 45.03 418.2 44.42L448 32L460.4 2.219C461 1 462.6 0 464 0C465.4 0 466.1 1 467.6 2.219L480 32L509.8 44.42C511 45.03 512 46.62 512 48C512 49.36 511 50.97 509.8 51.58L480 64L467.6 93.78C466.1 95 465.4 96 464 96C462.6 96 461 95 460.4 93.78zM467.6 194.2L480 224L509.8 236.4C511 237 512 238.6 512 240C512 241.4 511 242.1 509.8 243.6L480 256L467.6 285.8C466.1 287 465.4 288 464 288C462.6 288 461 287 460.4 285.8L448 256L418.2 243.6C416.1 242.1 416 241.4 416 240C416 238.6 416.1 237 418.2 236.4L448 224L460.4 194.2C461 193 462.6 192 464 192C465.4 192 466.1 193 467.6 194.2zM448 144C448 145.4 447 146.1 445.8 147.6L416 160L403.6 189.8C402.1 191 401.4 192 400 192C398.6 192 397 191 396.4 189.8L384 160L354.2 147.6C352.1 146.1 352 145.4 352 144C352 142.6 352.1 141 354.2 140.4L384 128L396.4 98.22C397 97 398.6 96 400 96C401.4 96 402.1 97 403.6 98.22L416 128L445.8 140.4C447 141 448 142.6 448 144z\"><\/path><\/svg><\/div><\/div><div class=\"uagb-ifb-content\"><div class=\"uagb-ifb-title-wrap\"><h5 class=\"uagb-ifb-title\">Wasser<\/h5><\/div><p class=\"uagb-ifb-desc\">Regelm\u00e4\u00dfige und bedarfsgerechte Bew\u00e4sserung ist entscheidend f\u00fcr gesunde Pflanzen.<\/p><\/div><\/div><\/div>\n\n\n\n<div class=\"wp-block-uagb-info-box uagb-block-847acf7c uagb-infobox__content-wrap  uagb-infobox-icon-left uagb-infobox-left uagb-infobox-stacked-mobile uagb-infobox-image-valign-top wp-block-uagb-info-box--has-margin\"><div class=\"uagb-infobox-margin-wrapper\"><div class=\"uagb-ifb-icon-wrap\"><div class=\"uagb-iconbox-icon-wrap uagb-infobox-shape-circle\"><svg xmlns=\"https:\/\/www.w3.org\/2000\/svg\" viewBox=\"0 0 448 512\"><path d=\"M135.2 17.69C140.6 6.848 151.7 0 163.8 0H284.2C296.3 0 307.4 6.848 312.8 17.69L320 32H416C433.7 32 448 46.33 448 64C448 81.67 433.7 96 416 96H32C14.33 96 0 81.67 0 64C0 46.33 14.33 32 32 32H128L135.2 17.69zM31.1 128H416V448C416 483.3 387.3 512 352 512H95.1C60.65 512 31.1 483.3 31.1 448V128zM111.1 208V432C111.1 440.8 119.2 448 127.1 448C136.8 448 143.1 440.8 143.1 432V208C143.1 199.2 136.8 192 127.1 192C119.2 192 111.1 199.2 111.1 208zM207.1 208V432C207.1 440.8 215.2 448 223.1 448C232.8 448 240 440.8 240 432V208C240 199.2 232.8 192 223.1 192C215.2 192 207.1 199.2 207.1 208zM304 208V432C304 440.8 311.2 448 320 448C328.8 448 336 440.8 336 432V208C336 199.2 328.8 192 320 192C311.2 192 304 199.2 304 208z\"><\/path><\/svg><\/div><\/div><div class=\"uagb-ifb-content\"><div class=\"uagb-ifb-title-wrap\"><h5 class=\"uagb-ifb-title\">Kompost<\/h5><\/div><p class=\"uagb-ifb-desc\">Selbst hergestellter Kompost versorgt den Boden mit wichtigen N\u00e4hrstoffen und reduziert Gartenabf\u00e4lle.<\/p><\/div><\/div><\/div>\n\n\n\n<div class=\"wp-block-uagb-info-box uagb-block-6c1c6a02 uagb-infobox__content-wrap  uagb-infobox-icon-left uagb-infobox-left uagb-infobox-stacked-mobile uagb-infobox-image-valign-top wp-block-uagb-info-box--has-margin\"><div class=\"uagb-infobox-margin-wrapper\"><div class=\"uagb-ifb-icon-wrap\"><div class=\"uagb-iconbox-icon-wrap uagb-infobox-shape-circle\"><svg xmlns=\"https:\/\/www.w3.org\/2000\/svg\" viewBox=\"0 0 576 512\"><path d=\"M568.3 192c-29 .125-135 6.124-213.9 82.1C321.2 304.7 301 338.3 288 369.9c-13-31.63-33.25-65.25-66.38-94.87C142.8 198.2 36.75 192.2 7.75 192C3.375 192 0 195.4 0 199.9c.25 27.88 7.125 126.2 88.75 199.3C172.8 481 256 479.1 288 479.1s115.2 1.025 199.3-80.85C568.9 326 575.8 227.7 576 199.9C576 195.4 572.6 192 568.3 192zM288 302.6c12.75-18.87 27.62-35.75 44.13-50.5c19-18.62 39.5-33.37 60.25-45.25c-16.5-70.5-51.75-133-96.75-172.3c-4.125-3.5-11-3.5-15.12 0c-45 39.25-80.25 101.6-96.75 172.1c20.37 11.75 40.5 26.12 59.25 44.37C260 266.4 275.1 283.7 288 302.6z\"><\/path><\/svg><\/div><\/div><div class=\"uagb-ifb-content\"><div class=\"uagb-ifb-title-wrap\"><h5 class=\"uagb-ifb-title\">Pflanzen<\/h5><\/div><p class=\"uagb-ifb-desc\">Die Auswahl passender Pflanzen f\u00fcr Standort und Bodenbeschaffenheit ist ein Schl\u00fcssel zum Erfolg im Garten.<\/p><\/div><\/div><\/div>\n\n\n\n<div class=\"wp-block-uagb-info-box uagb-block-2afbcf38 uagb-infobox__content-wrap  uagb-infobox-icon-left uagb-infobox-left uagb-infobox-stacked-mobile uagb-infobox-image-valign-top wp-block-uagb-info-box--has-margin\"><div class=\"uagb-infobox-margin-wrapper\"><div class=\"uagb-ifb-icon-wrap\"><div class=\"uagb-iconbox-icon-wrap uagb-infobox-shape-circle\"><svg xmlns=\"https:\/\/www.w3.org\/2000\/svg\" viewBox=\"0 0 512 512\"><path d=\"M256 53.46L300.1 7.261C307 1.034 315.1-1.431 324.4 .8185C332.8 3.068 339.3 9.679 341.4 18.1L357.3 80.6L419.3 63.07C427.7 60.71 436.7 63.05 442.8 69.19C448.1 75.34 451.3 84.33 448.9 92.69L431.4 154.7L493.9 170.6C502.3 172.7 508.9 179.2 511.2 187.6C513.4 196 510.1 204.1 504.7 211L458.5 256L504.7 300.1C510.1 307 513.4 315.1 511.2 324.4C508.9 332.8 502.3 339.3 493.9 341.4L431.4 357.3L448.9 419.3C451.3 427.7 448.1 436.7 442.8 442.8C436.7 448.1 427.7 451.3 419.3 448.9L357.3 431.4L341.4 493.9C339.3 502.3 332.8 508.9 324.4 511.2C315.1 513.4 307 510.1 300.1 504.7L256 458.5L211 504.7C204.1 510.1 196 513.4 187.6 511.2C179.2 508.9 172.7 502.3 170.6 493.9L154.7 431.4L92.69 448.9C84.33 451.3 75.34 448.1 69.19 442.8C63.05 436.7 60.71 427.7 63.07 419.3L80.6 357.3L18.1 341.4C9.679 339.3 3.068 332.8 .8186 324.4C-1.431 315.1 1.034 307 7.261 300.1L53.46 256L7.261 211C1.034 204.1-1.431 196 .8186 187.6C3.068 179.2 9.679 172.7 18.1 170.6L80.6 154.7L63.07 92.69C60.71 84.33 63.05 75.34 69.19 69.19C75.34 63.05 84.33 60.71 92.69 63.07L154.7 80.6L170.6 18.1C172.7 9.679 179.2 3.068 187.6 .8185C196-1.431 204.1 1.034 211 7.261L256 53.46z\"><\/path><\/svg><\/div><\/div><div class=\"uagb-ifb-content\"><div class=\"uagb-ifb-title-wrap\"><h5 class=\"uagb-ifb-title\">Ausr\u00fcstung<\/h5><\/div><p class=\"uagb-ifb-desc\">Gute Werkzeuge wie Schaufel, Harke, Gartenschere und Handschuhe erleichtern die Gartenarbeit enorm.<\/p><\/div><\/div><\/div>\n\n\n\n<div class=\"wp-block-uagb-info-box uagb-block-8df8cd4a uagb-infobox__content-wrap  uagb-infobox-icon-left uagb-infobox-left uagb-infobox-stacked-mobile uagb-infobox-image-valign-top wp-block-uagb-info-box--has-margin\"><div class=\"uagb-infobox-margin-wrapper\"><div class=\"uagb-ifb-icon-wrap\"><div class=\"uagb-iconbox-icon-wrap uagb-infobox-shape-circle\"><svg xmlns=\"https:\/\/www.w3.org\/2000\/svg\" viewBox=\"0 0 512 512\"><path d=\"M396.8 51.2C425.1 22.92 470.9 22.92 499.2 51.2C506.3 58.27 506.3 69.73 499.2 76.8L216.5 359.5C221.3 372.1 224 385.7 224 400C224 461.9 173.9 512 112 512C50.14 512 0 461.9 0 400C0 338.1 50.14 287.1 112 287.1C126.3 287.1 139.9 290.7 152.5 295.5L191.1 255.1L152.5 216.5C139.9 221.3 126.3 224 112 224C50.14 224 0 173.9 0 112C0 50.14 50.14 0 112 0C173.9 0 224 50.14 224 112C224 126.3 221.3 139.9 216.5 152.5L255.1 191.1L396.8 51.2zM160 111.1C160 85.49 138.5 63.1 112 63.1C85.49 63.1 64 85.49 64 111.1C64 138.5 85.49 159.1 112 159.1C138.5 159.1 160 138.5 160 111.1zM112 448C138.5 448 160 426.5 160 400C160 373.5 138.5 352 112 352C85.49 352 64 373.5 64 400C64 426.5 85.49 448 112 448zM278.6 342.6L342.6 278.6L499.2 435.2C506.3 442.3 506.3 453.7 499.2 460.8C470.9 489.1 425.1 489.1 396.8 460.8L278.6 342.6z\"><\/path><\/svg><\/div><\/div><div class=\"uagb-ifb-content\"><div class=\"uagb-ifb-title-wrap\"><h5 class=\"uagb-ifb-title\">Rasenm\u00e4her<\/h5><\/div><p class=\"uagb-ifb-desc\">Ein zuverl\u00e4ssiger Rasenm\u00e4her h\u00e4lt den Rasen gepflegt und gesund \u2013 angepasst an die Gr\u00f6\u00dfe des Gartens.<\/p><\/div><\/div><\/div>\n\n\n\n<div class=\"wp-block-uagb-info-box uagb-block-b2777155 uagb-infobox__content-wrap  uagb-infobox-icon-left uagb-infobox-left uagb-infobox-stacked-mobile uagb-infobox-image-valign-top wp-block-uagb-info-box--has-margin\"><div class=\"uagb-infobox-margin-wrapper\"><div class=\"uagb-ifb-icon-wrap\"><div class=\"uagb-iconbox-icon-wrap uagb-infobox-shape-circle\"><svg xmlns=\"https:\/\/www.w3.org\/2000\/svg\" viewBox=\"0 0 512 512\"><path d=\"M512 165.4c0 127.9-70.05 235.3-175.3 270.1c-20.04 7.938-41.83 12.46-64.69 12.46c-64.9 0-125.2-36.51-155.7-94.47c-54.13 49.93-68.71 107-68.96 108.1C44.72 472.6 34.87 480 24.02 480c-1.844 0-3.727-.2187-5.602-.6562c-12.89-3.098-20.84-16.08-17.75-28.96c9.598-39.5 90.47-226.4 335.3-226.4C344.8 224 352 216.8 352 208S344.8 192 336 192C228.6 192 151 226.6 96.29 267.6c.1934-10.82 1.242-21.84 3.535-33.05c13.47-65.81 66.04-119 131.4-134.2c28.33-6.562 55.68-6.013 80.93-.0054c56 13.32 118.2-7.412 149.3-61.24c5.664-9.828 20.02-9.516 24.66 .8282C502.7 76.76 512 121.9 512 165.4z\"><\/path><\/svg><\/div><\/div><div class=\"uagb-ifb-content\"><div class=\"uagb-ifb-title-wrap\"><h5 class=\"uagb-ifb-title\">Pflege<\/h5><\/div><p class=\"uagb-ifb-desc\">Regelm\u00e4\u00dfige Pflege, wie Unkrautj\u00e4ten, R\u00fcckschnitt und D\u00fcngung, h\u00e4lt den Garten in Bestform.<\/p><\/div><\/div><\/div>\n<\/div>\n<\/div><\/div>\n\n\n\n<h3 class=\"wp-block-heading has-text-align-center\">Noch Fragen? Hier gibt es Antworten&#8230;\u200b<\/h3>\n\n\n\n<div class=\"wp-block-columns is-layout-flex wp-container-core-columns-is-layout-28f84493 wp-block-columns-is-layout-flex\">\n<div class=\"wp-block-column is-layout-flow wp-block-column-is-layout-flow\" style=\"flex-basis:100%\"><div class=\"wp-block-uagb-faq uagb-faq__outer-wrap uagb-block-09464fda uagb-faq-icon-row uagb-faq-layout-accordion uagb-faq-expand-first-true uagb-faq-inactive-other-true uagb-faq__wrap uagb-buttons-layout-wrap uagb-faq-equal-height     \" data-faqtoggle=\"true\" role=\"tablist\"><div class=\"wp-block-uagb-faq-child uagb-faq-child__outer-wrap uagb-faq-item uagb-block-4a98c222 \" role=\"tab\" tabindex=\"0\"><div class=\"uagb-faq-questions-button uagb-faq-questions\">\t\t\t<span class=\"uagb-icon uagb-faq-icon-wrap\">\n\t\t\t\t\t\t\t\t<svg xmlns=\"https:\/\/www.w3.org\/2000\/svg\" viewBox= \"0 0 448 512\"><path d=\"M432 256c0 17.69-14.33 32.01-32 32.01H256v144c0 17.69-14.33 31.99-32 31.99s-32-14.3-32-31.99v-144H48c-17.67 0-32-14.32-32-32.01s14.33-31.99 32-31.99H192v-144c0-17.69 14.33-32.01 32-32.01s32 14.32 32 32.01v144h144C417.7 224 432 238.3 432 256z\"><\/path><\/svg>\n\t\t\t\t\t\t\t<\/span>\n\t\t\t\t\t\t<span class=\"uagb-icon-active uagb-faq-icon-wrap\">\n\t\t\t\t\t\t\t\t<svg xmlns=\"https:\/\/www.w3.org\/2000\/svg\" viewBox= \"0 0 448 512\"><path d=\"M400 288h-352c-17.69 0-32-14.32-32-32.01s14.31-31.99 32-31.99h352c17.69 0 32 14.3 32 31.99S417.7 288 400 288z\"><\/path><\/svg>\n\t\t\t\t\t\t\t<\/span>\n\t\t\t<h5 class=\"uagb-question\"><strong>Was darfst Du anpflanzen, was nicht?<\/strong><\/h5><\/div><div class=\"uagb-faq-content\"><p><strong>Erlaubt:<\/strong> Obstb\u00e4ume, Gem\u00fcse, Beerenstr\u00e4ucher, Kr\u00e4uter, Blumen. Mindestens ein Drittel der Fl\u00e4che muss dem Anbau von Nutzpflanzen gewidmet sein.<br><br><strong>Nicht erlaubt:<\/strong> Gro\u00dffl\u00e4chiger Rasen ohne Nutzpflanzen. Stark invasive oder exotische Pflanzen, die das \u00d6kosystem st\u00f6ren. Rein dekorative oder nicht-nutzbringende Anpflanzungen (z. B. nur Ziergeh\u00f6lze).  <br><strong>Nadelb\u00e4ume<\/strong>: Tannen, Fichten, Kiefern, L\u00e4rchen, Eiben, Wacholder, Scheinzypressen, Lebensb\u00e4ume (Thuja) und Zedern. <br><strong>Laubb\u00e4ume<\/strong>: Eichen, Buchen, Birken, Ahorn, Eschen, Erlen, Weiden, Kastanien, Pappeln, Ginkgo, Ebereschen und Walnussb\u00e4ume.<\/p><\/div><\/div><div class=\"wp-block-uagb-faq-child uagb-faq-child__outer-wrap uagb-faq-item uagb-block-d29022b8 \" role=\"tab\" tabindex=\"0\"><div class=\"uagb-faq-questions-button uagb-faq-questions\">\t\t\t<span class=\"uagb-icon uagb-faq-icon-wrap\">\n\t\t\t\t\t\t\t\t<svg xmlns=\"https:\/\/www.w3.org\/2000\/svg\" viewBox= \"0 0 448 512\"><path d=\"M432 256c0 17.69-14.33 32.01-32 32.01H256v144c0 17.69-14.33 31.99-32 31.99s-32-14.3-32-31.99v-144H48c-17.67 0-32-14.32-32-32.01s14.33-31.99 32-31.99H192v-144c0-17.69 14.33-32.01 32-32.01s32 14.32 32 32.01v144h144C417.7 224 432 238.3 432 256z\"><\/path><\/svg>\n\t\t\t\t\t\t\t<\/span>\n\t\t\t\t\t\t<span class=\"uagb-icon-active uagb-faq-icon-wrap\">\n\t\t\t\t\t\t\t\t<svg xmlns=\"https:\/\/www.w3.org\/2000\/svg\" viewBox= \"0 0 448 512\"><path d=\"M400 288h-352c-17.69 0-32-14.32-32-32.01s14.31-31.99 32-31.99h352c17.69 0 32 14.3 32 31.99S417.7 288 400 288z\"><\/path><\/svg>\n\t\t\t\t\t\t\t<\/span>\n\t\t\t<h5 class=\"uagb-question\"><strong>Was brauchst Du f\u00fcr Deinen Garten? <\/strong><\/h5><\/div><div class=\"uagb-faq-content\"><p><strong>Grundausstattung:<\/strong> Spaten, Harke, Gie\u00dfkanne, Schubkarre. Samen oder Setzlinge f\u00fcr Gem\u00fcse und Blumen. D\u00fcnger (z. B. Kompost oder Bio-D\u00fcnger). Regentonne oder Bew\u00e4sserungssystem.<br><br><strong>Zus\u00e4tzlich:<\/strong> Ger\u00e4tehaus oder kleine Laube. Schutznetze (gegen Sch\u00e4dlinge). Gartenerde und Mulch.<\/p><\/div><\/div><div class=\"wp-block-uagb-faq-child uagb-faq-child__outer-wrap uagb-faq-item uagb-block-534a7e8a \" role=\"tab\" tabindex=\"0\"><div class=\"uagb-faq-questions-button uagb-faq-questions\">\t\t\t<span class=\"uagb-icon uagb-faq-icon-wrap\">\n\t\t\t\t\t\t\t\t<svg xmlns=\"https:\/\/www.w3.org\/2000\/svg\" viewBox= \"0 0 448 512\"><path d=\"M432 256c0 17.69-14.33 32.01-32 32.01H256v144c0 17.69-14.33 31.99-32 31.99s-32-14.3-32-31.99v-144H48c-17.67 0-32-14.32-32-32.01s14.33-31.99 32-31.99H192v-144c0-17.69 14.33-32.01 32-32.01s32 14.32 32 32.01v144h144C417.7 224 432 238.3 432 256z\"><\/path><\/svg>\n\t\t\t\t\t\t\t<\/span>\n\t\t\t\t\t\t<span class=\"uagb-icon-active uagb-faq-icon-wrap\">\n\t\t\t\t\t\t\t\t<svg xmlns=\"https:\/\/www.w3.org\/2000\/svg\" viewBox= \"0 0 448 512\"><path d=\"M400 288h-352c-17.69 0-32-14.32-32-32.01s14.31-31.99 32-31.99h352c17.69 0 32 14.3 32 31.99S417.7 288 400 288z\"><\/path><\/svg>\n\t\t\t\t\t\t\t<\/span>\n\t\t\t<h5 class=\"uagb-question\"><strong>Wie lange geht die Gartensaison?<\/strong><\/h5><\/div><div class=\"uagb-faq-content\"><p><strong>Fr\u00fchjahr bis Herbst (ca. M\u00e4rz bis Oktober):<\/strong> Hauptpflanzzeit: M\u00e4rz bis Mai. Erntezeit: Juni bis Oktober, abh\u00e4ngig von den Pflanzen. Einige Wintergem\u00fcse (z. B. Gr\u00fcnkohl, Feldsalat) kannst du auch im Winter ernten, wenn das Klima mild ist.<\/p><\/div><\/div><div class=\"wp-block-uagb-faq-child uagb-faq-child__outer-wrap uagb-faq-item uagb-block-ca3313f2 \" role=\"tab\" tabindex=\"0\"><div class=\"uagb-faq-questions-button uagb-faq-questions\">\t\t\t<span class=\"uagb-icon uagb-faq-icon-wrap\">\n\t\t\t\t\t\t\t\t<svg xmlns=\"https:\/\/www.w3.org\/2000\/svg\" viewBox= \"0 0 448 512\"><path d=\"M432 256c0 17.69-14.33 32.01-32 32.01H256v144c0 17.69-14.33 31.99-32 31.99s-32-14.3-32-31.99v-144H48c-17.67 0-32-14.32-32-32.01s14.33-31.99 32-31.99H192v-144c0-17.69 14.33-32.01 32-32.01s32 14.32 32 32.01v144h144C417.7 224 432 238.3 432 256z\"><\/path><\/svg>\n\t\t\t\t\t\t\t<\/span>\n\t\t\t\t\t\t<span class=\"uagb-icon-active uagb-faq-icon-wrap\">\n\t\t\t\t\t\t\t\t<svg xmlns=\"https:\/\/www.w3.org\/2000\/svg\" viewBox= \"0 0 448 512\"><path d=\"M400 288h-352c-17.69 0-32-14.32-32-32.01s14.31-31.99 32-31.99h352c17.69 0 32 14.3 32 31.99S417.7 288 400 288z\"><\/path><\/svg>\n\t\t\t\t\t\t\t<\/span>\n\t\t\t<h5 class=\"uagb-question\"><strong>Wie teuer ist Gartenpflege?<\/strong><\/h5><\/div><div class=\"uagb-faq-content\"><p>Die Kosten variieren je nach Ausstattung: <strong>Pachtkosten:<\/strong> 200\u2013300 \u20ac pro Jahr, je nach Lage und Gr\u00f6\u00dfe.  <strong>Nebenkosten:<\/strong> Wasser, Strom (falls vorhanden): 50\u2013200 \u20ac pro Jahr.<br><strong>Materialkosten:<\/strong> Samen, Setzlinge, D\u00fcnger, Werkzeuge: 50\u2013300 \u20ac j\u00e4hrlich. <strong>Sonstiges:<\/strong> Wartung von Ger\u00e4ten, Reparaturen etc..<\/p><\/div><\/div><div class=\"wp-block-uagb-faq-child uagb-faq-child__outer-wrap uagb-faq-item uagb-block-ed1f9c57 \" role=\"tab\" tabindex=\"0\"><div class=\"uagb-faq-questions-button uagb-faq-questions\">\t\t\t<span class=\"uagb-icon uagb-faq-icon-wrap\">\n\t\t\t\t\t\t\t\t<svg xmlns=\"https:\/\/www.w3.org\/2000\/svg\" viewBox= \"0 0 448 512\"><path d=\"M432 256c0 17.69-14.33 32.01-32 32.01H256v144c0 17.69-14.33 31.99-32 31.99s-32-14.3-32-31.99v-144H48c-17.67 0-32-14.32-32-32.01s14.33-31.99 32-31.99H192v-144c0-17.69 14.33-32.01 32-32.01s32 14.32 32 32.01v144h144C417.7 224 432 238.3 432 256z\"><\/path><\/svg>\n\t\t\t\t\t\t\t<\/span>\n\t\t\t\t\t\t<span class=\"uagb-icon-active uagb-faq-icon-wrap\">\n\t\t\t\t\t\t\t\t<svg xmlns=\"https:\/\/www.w3.org\/2000\/svg\" viewBox= \"0 0 448 512\"><path d=\"M400 288h-352c-17.69 0-32-14.32-32-32.01s14.31-31.99 32-31.99h352c17.69 0 32 14.3 32 31.99S417.7 288 400 288z\"><\/path><\/svg>\n\t\t\t\t\t\t\t<\/span>\n\t\t\t<h5 class=\"uagb-question\"><strong>Welche Pflege ist essentiell?<\/strong><\/h5><\/div><div class=\"uagb-faq-content\"><p><strong>Bew\u00e4sserung:<\/strong> Besonders im Sommer regelm\u00e4\u00dfig gie\u00dfen, am besten morgens oder abends.<br><strong>Unkraut j\u00e4ten:<\/strong> Um das Wachstum von Nutzpflanzen nicht zu behindern.<br><strong>D\u00fcngung:<\/strong> Kompost oder Bio-D\u00fcnger verwenden, um den Boden fruchtbar zu halten.<br><strong>Pflanzenschutz:<\/strong> Sch\u00e4dlinge kontrollieren (z. B. Schnecken absammeln oder Schutznetze verwenden).<br><strong>R\u00fcckschnitt:<\/strong> Str\u00e4ucher, Hecken und Obstb\u00e4ume regelm\u00e4\u00dfig schneiden.<\/p><\/div><\/div><\/div><\/div>\n<\/div>\n\n\n\n<div class=\"wp-block-uagb-container uagb-block-a6307ff9 alignfull uagb-is-root-container\"><div class=\"uagb-container-inner-blocks-wrap\">\n<div class=\"wp-block-uagb-info-box uagb-block-5fee5346 uagb-infobox__content-wrap  uagb-infobox-icon-above-title uagb-infobox-image-valign-top\"><div class=\"uagb-ifb-content\"><div class=\"uagb-ifb-title-wrap\"><h2 class=\"uagb-ifb-title\">Aktuelles und viel Infos<br>rund um Deinen Garten&#8230;<\/h2><\/div><div class=\"uagb-ifb-separator\"><\/div><p class=\"uagb-ifb-desc\">Weitere Tipps und Informationen rund um die Themen Gartenpflege, Flora &amp; Fauna und alles was unseren Gartenverein betrifft findest Du unter\u2026<\/p><div class=\"uagb-ifb-button-wrapper wp-block-button\"><a href=\"https:\/\/kgv-hohewarte2.de\/?page_id=2117\" class=\"uagb-infobox-cta-link wp-block-button__link\" target=\"_self\" rel=\"noopener noreferrer\" onclick=\"return true;\"><span class=\"uagb-inline-editing\">AKTUELLES<\/span><\/a><\/div><\/div><\/div>\n<\/div><\/div>\n\n\n\n<p><\/p>\n","protected":false},"excerpt":{"rendered":"<p>Was Du f\u00fcr Deinen Garten ben\u00f6tigst&#8230; Was Du alles f\u00fcr gute Gartenpflege ben\u00f6tigst&#8230; Noch Fragen? Hier gibt es Antworten&#8230;\u200b<\/p>\n","protected":false},"author":1,"featured_media":0,"parent":0,"menu_order":0,"comment_status":"closed","ping_status":"closed","template":"","meta":{"_uag_custom_page_level_css":"","site-sidebar-layout":"no-sidebar","site-content-layout":"plain-container","ast-site-content-layout":"normal-width-container","site-content-style":"unboxed","site-sidebar-style":"unboxed","ast-global-header-display":"","ast-banner-title-visibility":"","ast-main-header-display":"","ast-hfb-above-header-display":"","ast-hfb-below-header-display":"","ast-hfb-mobile-header-display":"","site-post-title":"disabled","ast-breadcrumbs-content":"","ast-featured-img":"disabled","footer-sml-layout":"","ast-disable-related-posts":"","theme-transparent-header-meta":"enabled","adv-header-id-meta":"","stick-header-meta":"","header-above-stick-meta":"","header-main-stick-meta":"","header-below-stick-meta":"","astra-migrate-meta-layouts":"set","ast-page-background-enabled":"default","ast-page-background-meta":{"desktop":{"background-color":"","background-image":"","background-repeat":"repeat","background-position":"center center","background-size":"auto","background-attachment":"scroll","background-type":"","background-media":"","overlay-type":"","overlay-color":"","overlay-opacity":"","overlay-gradient":""},"tablet":{"background-color":"","background-image":"","background-repeat":"repeat","background-position":"center center","background-size":"auto","background-attachment":"scroll","background-type":"","background-media":"","overlay-type":"","overlay-color":"","overlay-opacity":"","overlay-gradient":""},"mobile":{"background-color":"","background-image":"","background-repeat":"repeat","background-position":"center center","background-size":"auto","background-attachment":"scroll","background-type":"","background-media":"","overlay-type":"","overlay-color":"","overlay-opacity":"","overlay-gradient":""}},"ast-content-background-meta":{"desktop":{"background-color":"var(--ast-global-color-5)","background-image":"","background-repeat":"repeat","background-position":"center center","background-size":"auto","background-attachment":"scroll","background-type":"","background-media":"","overlay-type":"","overlay-color":"","overlay-opacity":"","overlay-gradient":""},"tablet":{"background-color":"var(--ast-global-color-5)","background-image":"","background-repeat":"repeat","background-position":"center center","background-size":"auto","background-attachment":"scroll","background-type":"","background-media":"","overlay-type":"","overlay-color":"","overlay-opacity":"","overlay-gradient":""},"mobile":{"background-color":"var(--ast-global-color-5)","background-image":"","background-repeat":"repeat","background-position":"center center","background-size":"auto","background-attachment":"scroll","background-type":"","background-media":"","overlay-type":"","overlay-color":"","overlay-opacity":"","overlay-gradient":""}},"footnotes":""},"class_list":["post-9","page","type-page","status-publish","hentry"],"uagb_featured_image_src":{"full":false,"thumbnail":false,"medium":false,"medium_large":false,"large":false,"1536x1536":false,"2048x2048":false},"uagb_author_info":{"display_name":"Bj\u00f6rn Raschovsky","author_link":"https:\/\/kgv-hohewarte2.de\/?author=1"},"uagb_comment_info":0,"uagb_excerpt":"Was Du f\u00fcr Deinen Garten ben\u00f6tigst&#8230; Was Du alles f\u00fcr gute Gartenpflege ben\u00f6tigst&#8230; Noch Fragen? Hier gibt es Antworten&#8230;\u200b","_links":{"self":[{"href":"https:\/\/kgv-hohewarte2.de\/index.php?rest_route=\/wp\/v2\/pages\/9","targetHints":{"allow":["GET"]}}],"collection":[{"href":"https:\/\/kgv-hohewarte2.de\/index.php?rest_route=\/wp\/v2\/pages"}],"about":[{"href":"https:\/\/kgv-hohewarte2.de\/index.php?rest_route=\/wp\/v2\/types\/page"}],"author":[{"embeddable":true,"href":"https:\/\/kgv-hohewarte2.de\/index.php?rest_route=\/wp\/v2\/users\/1"}],"replies":[{"embeddable":true,"href":"https:\/\/kgv-hohewarte2.de\/index.php?rest_route=%2Fwp%2Fv2%2Fcomments&post=9"}],"version-history":[{"count":34,"href":"https:\/\/kgv-hohewarte2.de\/index.php?rest_route=\/wp\/v2\/pages\/9\/revisions"}],"predecessor-version":[{"id":2488,"href":"https:\/\/kgv-hohewarte2.de\/index.php?rest_route=\/wp\/v2\/pages\/9\/revisions\/2488"}],"wp:attachment":[{"href":"https:\/\/kgv-hohewarte2.de\/index.php?rest_route=%2Fwp%2Fv2%2Fmedia&parent=9"}],"curies":[{"name":"wp","href":"https:\/\/api.w.org\/{rel}","templated":true}]}}