{"id":2117,"date":"2024-11-15T23:51:15","date_gmt":"2024-11-15T23:51:15","guid":{"rendered":"https:\/\/kgv-hohewarte2.de\/?page_id=2117"},"modified":"2026-05-12T09:05:00","modified_gmt":"2026-05-12T09:05:00","slug":"aktuelles","status":"publish","type":"page","link":"https:\/\/kgv-hohewarte2.de\/?page_id=2117","title":{"rendered":"Aktuelles"},"content":{"rendered":"\n<div class=\"wp-block-uagb-container uagb-block-0c4b401a alignfull uagb-is-root-container\"><div class=\"uagb-container-inner-blocks-wrap\">\n<div class=\"wp-block-uagb-info-box uagb-block-a951f19e uagb-infobox__content-wrap  uagb-infobox-icon-above-title uagb-infobox-image-valign-top wp-block-uagb-info-box--has-margin\"><div class=\"uagb-infobox-margin-wrapper\"><div class=\"uagb-ifb-content\"><div class=\"uagb-ifb-title-wrap\"><h5 class=\"uagb-ifb-title-prefix\">Mehr erfahren und informiert sein<\/h5><h1 class=\"uagb-ifb-title\">Aktuelles. News.<br>Unser Blog&#8230;<\/h1><\/div><p class=\"uagb-ifb-desc\">Hier gibt es aktuelles rund ums Thema Garten. Noch Fragen?<\/p><\/div><\/div><\/div>\n\n\n\n<div class=\"wp-block-uagb-info-box uagb-block-2fe23727 uagb-infobox__content-wrap  uagb-infobox-icon-left uagb-infobox-left uagb-infobox-image-valign-middle wp-block-uagb-info-box--has-margin\"><div class=\"uagb-infobox-margin-wrapper\"><div class=\"uagb-ifb-icon-wrap\"><svg xmlns=\"https:\/\/www.w3.org\/2000\/svg\" viewBox=\"0 0 512 512\"><path d=\"M18.92 351.2l108.5-46.52c12.78-5.531 27.77-1.801 36.45 8.98l44.09 53.82c69.25-34 125.5-90.31 159.5-159.5l-53.81-44.04c-10.75-8.781-14.41-23.69-8.974-36.47l46.51-108.5c6.094-13.91 21.1-21.52 35.79-18.11l100.8 23.25c14.25 3.25 24.22 15.8 24.22 30.46c0 252.3-205.2 457.5-457.5 457.5c-14.67 0-27.18-9.968-30.45-24.22l-23.25-100.8C-2.571 372.4 5.018 357.2 18.92 351.2z\"><\/path><\/svg><\/div><div class=\"uagb-ifb-content\"><div class=\"uagb-ifb-title-wrap\"><p class=\"uagb-ifb-title\"><strong>0179 151 7369<\/strong><\/p><\/div><\/div><\/div><\/div>\n<\/div><\/div>\n\n\n\n<div class=\"wp-block-uagb-container uagb-block-6991929f alignfull uagb-is-root-container\"><div class=\"uagb-container-inner-blocks-wrap\">\n<p class=\"has-text-align-center has-x-large-font-size\">Aktuelles und informatives<\/p>\n<\/div><\/div>\n\n\n\n\t\t\t<div class=\"wp-block-uagb-post-grid uagb-post-grid  uagb-post__image-position-top uagb-post__image-enabled uagb-block-0f962a08     uagb-post__items uagb-post__columns-3 is-grid uagb-post__columns-tablet-2 uagb-post__columns-mobile-1 uagb-post__equal-height\" data-total=\"2\" style=\"\">\n\n\t\t\t\t\t\t\t\t\t\t\t\t<article class=\"uagb-post__inner-wrap\">\t\t\t\t\t\t\t\t<div class='uagb-post__image'>\n\t\t\t\t\t\t\t\t\t<a href=\"https:\/\/kgv-hohewarte2.de\/?p=2527\" target=\"_self\" rel=\"bookmark noopener noreferrer\" class='uagb-image-ratio-inherit'><img loading=\"lazy\" decoding=\"async\" width=\"1024\" height=\"576\" src=\"https:\/\/kgv-hohewarte2.de\/wp-content\/uploads\/2026\/05\/ChatGPT-Image-12.-Mai-2026-08_49_39-1024x576.png\" class=\"attachment-large size-large\" alt=\"\" srcset=\"https:\/\/kgv-hohewarte2.de\/wp-content\/uploads\/2026\/05\/ChatGPT-Image-12.-Mai-2026-08_49_39-1024x576.png 1024w, https:\/\/kgv-hohewarte2.de\/wp-content\/uploads\/2026\/05\/ChatGPT-Image-12.-Mai-2026-08_49_39-300x169.png 300w, https:\/\/kgv-hohewarte2.de\/wp-content\/uploads\/2026\/05\/ChatGPT-Image-12.-Mai-2026-08_49_39-768x432.png 768w, https:\/\/kgv-hohewarte2.de\/wp-content\/uploads\/2026\/05\/ChatGPT-Image-12.-Mai-2026-08_49_39-1536x864.png 1536w, https:\/\/kgv-hohewarte2.de\/wp-content\/uploads\/2026\/05\/ChatGPT-Image-12.-Mai-2026-08_49_39-e1778569051137.png 1616w\" sizes=\"auto, (max-width: 1024px) 100vw, 1024px\" \/>\t\t\t\t\t<\/a>\n\t\t\t\t\t\t\t<\/div>\n\t\t\t\t\t\t<h4 class=\"uagb-post__title uagb-post__text\">\n\t\t\t\t<a href=\"https:\/\/kgv-hohewarte2.de\/?p=2527\" target=\"_self\" rel=\"bookmark noopener noreferrer\">Alt trifft Jung: Wie Mehrgenerationen-G\u00e4rten das Leben bereichern<\/a>\n\t\t\t<\/h4>\n\t\t\t\t\t\t<div class='uagb-post__text uagb-post-grid-byline'>\n\t\t\t\t\t\t\t\t<time datetime=\"2026-05-12T08:29:40+00:00\" class=\"uagb-post__date\">\n\t\t\t\t<span class=\"dashicons-calendar dashicons\"><\/span>\t\t\t\t\tMai 12, 2026\t\t\t\t<\/time>\n\t\t\t\t\t\t\t<span class=\"uagb-post__comment\">\n\t\t\t\t<span class=\"dashicons-admin-comments dashicons\"><\/span>\t\t\t\t\tKeine Kommentare\t\t\t\t<\/span>\n\t\t\t\t\t\t<\/div>\n\t\t\t\t\t\t\t<div class='uagb-post__text uagb-post__excerpt'>\n\t\t\t\t\tZwischen anonymen Fassaden, Abgasen und dem permanenten Rauschen des Gro\u00dfstadtverkehrs sehnen sich junge Familien nach&#8230;\t\t\t\t<\/div>\n\t\t\t\t\t\t<div class=\"uagb-post__text uagb-post__cta wp-block-button\">\n\t\t\t\t<a class=\"wp-block-button__link uagb-text-link\" style=\"\" href=\"https:\/\/kgv-hohewarte2.de\/?p=2527\" target=\"_self\" rel=\"bookmark noopener noreferrer\">Weiterlesen<\/a>\n\t\t\t<\/div>\n\t\t\t\n\t\t\t\t\t\t\t\t\t<\/article>\n\t\t\t\t\t\t\t\t\t\t\t\t\t\t\t\t<article class=\"uagb-post__inner-wrap\">\t\t\t\t\t\t\t\t<div class='uagb-post__image'>\n\t\t\t\t\t\t\t\t\t<a href=\"https:\/\/kgv-hohewarte2.de\/?p=2501\" target=\"_self\" rel=\"bookmark noopener noreferrer\" class='uagb-image-ratio-inherit'><img loading=\"lazy\" decoding=\"async\" width=\"1024\" height=\"768\" src=\"https:\/\/kgv-hohewarte2.de\/wp-content\/uploads\/2025\/11\/kgv11-1024x768.jpg\" class=\"attachment-large size-large\" alt=\"\" srcset=\"https:\/\/kgv-hohewarte2.de\/wp-content\/uploads\/2025\/11\/kgv11-1024x768.jpg 1024w, https:\/\/kgv-hohewarte2.de\/wp-content\/uploads\/2025\/11\/kgv11-300x225.jpg 300w, https:\/\/kgv-hohewarte2.de\/wp-content\/uploads\/2025\/11\/kgv11-768x576.jpg 768w, https:\/\/kgv-hohewarte2.de\/wp-content\/uploads\/2025\/11\/kgv11.jpg 1500w\" sizes=\"auto, (max-width: 1024px) 100vw, 1024px\" \/>\t\t\t\t\t<\/a>\n\t\t\t\t\t\t\t<\/div>\n\t\t\t\t\t\t<h4 class=\"uagb-post__title uagb-post__text\">\n\t\t\t\t<a href=\"https:\/\/kgv-hohewarte2.de\/?p=2501\" target=\"_self\" rel=\"bookmark noopener noreferrer\">Gemeinschaft und ein starkes Signal f\u00fcr die Zukunft<\/a>\n\t\t\t<\/h4>\n\t\t\t\t\t\t<div class='uagb-post__text uagb-post-grid-byline'>\n\t\t\t\t\t\t\t\t<time datetime=\"2025-11-26T16:39:53+00:00\" class=\"uagb-post__date\">\n\t\t\t\t<span class=\"dashicons-calendar dashicons\"><\/span>\t\t\t\t\tNovember 26, 2025\t\t\t\t<\/time>\n\t\t\t\t\t\t\t<span class=\"uagb-post__comment\">\n\t\t\t\t<span class=\"dashicons-admin-comments dashicons\"><\/span>\t\t\t\t\tKeine Kommentare\t\t\t\t<\/span>\n\t\t\t\t\t\t<\/div>\n\t\t\t\t\t\t\t<div class='uagb-post__text uagb-post__excerpt'>\n\t\t\t\t\tDas j\u00e4hrliche Gr\u00fcnkohlessen im Kleingartenverein markierte f\u00fcr unseren KGV weit mehr als einen regul\u00e4ren Termin&#8230;\t\t\t\t<\/div>\n\t\t\t\t\t\t<div class=\"uagb-post__text uagb-post__cta wp-block-button\">\n\t\t\t\t<a class=\"wp-block-button__link uagb-text-link\" style=\"\" href=\"https:\/\/kgv-hohewarte2.de\/?p=2501\" target=\"_self\" rel=\"bookmark noopener noreferrer\">Weiterlesen<\/a>\n\t\t\t<\/div>\n\t\t\t\n\t\t\t\t\t\t\t\t\t<\/article>\n\t\t\t\t\t\t\t\t\t\t\t\t\t\t\t\t<article class=\"uagb-post__inner-wrap\">\t\t\t\t\t\t\t\t<div class='uagb-post__image'>\n\t\t\t\t\t\t\t\t\t<a href=\"https:\/\/kgv-hohewarte2.de\/?p=2415\" target=\"_self\" rel=\"bookmark noopener noreferrer\" class='uagb-image-ratio-inherit'><img loading=\"lazy\" decoding=\"async\" width=\"1024\" height=\"683\" src=\"https:\/\/kgv-hohewarte2.de\/wp-content\/uploads\/2025\/02\/garbage-can-5398348_1920-1024x683.jpg\" class=\"attachment-large size-large\" alt=\"\" srcset=\"https:\/\/kgv-hohewarte2.de\/wp-content\/uploads\/2025\/02\/garbage-can-5398348_1920-1024x683.jpg 1024w, https:\/\/kgv-hohewarte2.de\/wp-content\/uploads\/2025\/02\/garbage-can-5398348_1920-300x200.jpg 300w, https:\/\/kgv-hohewarte2.de\/wp-content\/uploads\/2025\/02\/garbage-can-5398348_1920-768x512.jpg 768w, https:\/\/kgv-hohewarte2.de\/wp-content\/uploads\/2025\/02\/garbage-can-5398348_1920-1536x1024.jpg 1536w, https:\/\/kgv-hohewarte2.de\/wp-content\/uploads\/2025\/02\/garbage-can-5398348_1920.jpg 1920w\" sizes=\"auto, (max-width: 1024px) 100vw, 1024px\" \/>\t\t\t\t\t<\/a>\n\t\t\t\t\t\t\t<\/div>\n\t\t\t\t\t\t<h4 class=\"uagb-post__title uagb-post__text\">\n\t\t\t\t<a href=\"https:\/\/kgv-hohewarte2.de\/?p=2415\" target=\"_self\" rel=\"bookmark noopener noreferrer\">Entsorgung von M\u00fcll und Gartenabf\u00e4llen \u2013 So geht&#8217;s leichter!<\/a>\n\t\t\t<\/h4>\n\t\t\t\t\t\t<div class='uagb-post__text uagb-post-grid-byline'>\n\t\t\t\t\t\t\t\t<time datetime=\"2025-05-07T14:52:00+00:00\" class=\"uagb-post__date\">\n\t\t\t\t<span class=\"dashicons-calendar dashicons\"><\/span>\t\t\t\t\tMai 7, 2025\t\t\t\t<\/time>\n\t\t\t\t\t\t\t<span class=\"uagb-post__comment\">\n\t\t\t\t<span class=\"dashicons-admin-comments dashicons\"><\/span>\t\t\t\t\tKeine Kommentare\t\t\t\t<\/span>\n\t\t\t\t\t\t<\/div>\n\t\t\t\t\t\t\t<div class='uagb-post__text uagb-post__excerpt'>\n\t\t\t\t\tMit dem Beginn der Gartensaison f\u00e4llt wieder viel Gartenabfall an: Wohin mit den anfallenden Gr\u00fcnabf\u00e4llen&#8230;\t\t\t\t<\/div>\n\t\t\t\t\t\t<div class=\"uagb-post__text uagb-post__cta wp-block-button\">\n\t\t\t\t<a class=\"wp-block-button__link uagb-text-link\" style=\"\" href=\"https:\/\/kgv-hohewarte2.de\/?p=2415\" target=\"_self\" rel=\"bookmark noopener noreferrer\">Weiterlesen<\/a>\n\t\t\t<\/div>\n\t\t\t\n\t\t\t\t\t\t\t\t\t<\/article>\n\t\t\t\t\t\t\t\t\t\t\t\t\t\t\t\t<article class=\"uagb-post__inner-wrap\">\t\t\t\t\t\t\t\t<div class='uagb-post__image'>\n\t\t\t\t\t\t\t\t\t<a href=\"https:\/\/kgv-hohewarte2.de\/?p=2389\" target=\"_self\" rel=\"bookmark noopener noreferrer\" class='uagb-image-ratio-inherit'><img loading=\"lazy\" decoding=\"async\" width=\"1024\" height=\"576\" src=\"https:\/\/kgv-hohewarte2.de\/wp-content\/uploads\/2024\/12\/filip-mroz-zK049OFP4uI-unsplash-1024x576.jpg\" class=\"attachment-large size-large\" alt=\"\" srcset=\"https:\/\/kgv-hohewarte2.de\/wp-content\/uploads\/2024\/12\/filip-mroz-zK049OFP4uI-unsplash-1024x576.jpg 1024w, https:\/\/kgv-hohewarte2.de\/wp-content\/uploads\/2024\/12\/filip-mroz-zK049OFP4uI-unsplash-300x169.jpg 300w, https:\/\/kgv-hohewarte2.de\/wp-content\/uploads\/2024\/12\/filip-mroz-zK049OFP4uI-unsplash-768x432.jpg 768w, https:\/\/kgv-hohewarte2.de\/wp-content\/uploads\/2024\/12\/filip-mroz-zK049OFP4uI-unsplash-1536x864.jpg 1536w, https:\/\/kgv-hohewarte2.de\/wp-content\/uploads\/2024\/12\/filip-mroz-zK049OFP4uI-unsplash-2048x1152.jpg 2048w\" sizes=\"auto, (max-width: 1024px) 100vw, 1024px\" \/>\t\t\t\t\t<\/a>\n\t\t\t\t\t\t\t<\/div>\n\t\t\t\t\t\t<h4 class=\"uagb-post__title uagb-post__text\">\n\t\t\t\t<a href=\"https:\/\/kgv-hohewarte2.de\/?p=2389\" target=\"_self\" rel=\"bookmark noopener noreferrer\">Die Wakenitz, der Amazonas des Nordens<\/a>\n\t\t\t<\/h4>\n\t\t\t\t\t\t<div class='uagb-post__text uagb-post-grid-byline'>\n\t\t\t\t\t\t\t\t<time datetime=\"2024-12-11T11:31:46+00:00\" class=\"uagb-post__date\">\n\t\t\t\t<span class=\"dashicons-calendar dashicons\"><\/span>\t\t\t\t\tDezember 11, 2024\t\t\t\t<\/time>\n\t\t\t\t\t\t\t<span class=\"uagb-post__comment\">\n\t\t\t\t<span class=\"dashicons-admin-comments dashicons\"><\/span>\t\t\t\t\t1\u00a0Kommentar\t\t\t\t<\/span>\n\t\t\t\t\t\t<\/div>\n\t\t\t\t\t\t\t<div class='uagb-post__text uagb-post__excerpt'>\n\t\t\t\t\t<p>Die Wakenitz, liebevoll der &#8222;Amazonas des Nordens&#8220; genannt, ist ein wahres Naturjuwel Norddeutschlands. Der rund&#8230;\t\t\t\t<\/div>\n\t\t\t\t\t\t<div class=\"uagb-post__text uagb-post__cta wp-block-button\">\n\t\t\t\t<a class=\"wp-block-button__link uagb-text-link\" style=\"\" href=\"https:\/\/kgv-hohewarte2.de\/?p=2389\" target=\"_self\" rel=\"bookmark noopener noreferrer\">Weiterlesen<\/a>\n\t\t\t<\/div>\n\t\t\t\n\t\t\t\t\t\t\t\t\t<\/article>\n\t\t\t\t\t\t\t\t\t\t\t\t\t\t\t\t<article class=\"uagb-post__inner-wrap\">\t\t\t\t\t\t\t\t<div class='uagb-post__image'>\n\t\t\t\t\t\t\t\t\t<a href=\"https:\/\/kgv-hohewarte2.de\/?p=2121\" target=\"_self\" rel=\"bookmark noopener noreferrer\" class='uagb-image-ratio-inherit'><img loading=\"lazy\" decoding=\"async\" width=\"1024\" height=\"568\" src=\"https:\/\/kgv-hohewarte2.de\/wp-content\/uploads\/2024\/11\/kale-558989_1280-1024x568.jpg\" class=\"attachment-large size-large\" alt=\"\" srcset=\"https:\/\/kgv-hohewarte2.de\/wp-content\/uploads\/2024\/11\/kale-558989_1280-1024x568.jpg 1024w, https:\/\/kgv-hohewarte2.de\/wp-content\/uploads\/2024\/11\/kale-558989_1280-300x166.jpg 300w, https:\/\/kgv-hohewarte2.de\/wp-content\/uploads\/2024\/11\/kale-558989_1280-768x426.jpg 768w, https:\/\/kgv-hohewarte2.de\/wp-content\/uploads\/2024\/11\/kale-558989_1280.jpg 1280w\" sizes=\"auto, (max-width: 1024px) 100vw, 1024px\" \/>\t\t\t\t\t<\/a>\n\t\t\t\t\t\t\t<\/div>\n\t\t\t\t\t\t<h4 class=\"uagb-post__title uagb-post__text\">\n\t\t\t\t<a href=\"https:\/\/kgv-hohewarte2.de\/?p=2121\" target=\"_self\" rel=\"bookmark noopener noreferrer\">Traditionelles Gr\u00fcnkohlessen am 30. November: Gemeinschaft, Genuss und Geschichte<\/a>\n\t\t\t<\/h4>\n\t\t\t\t\t\t<div class='uagb-post__text uagb-post-grid-byline'>\n\t\t\t\t\t\t\t\t<time datetime=\"2024-11-15T23:58:24+00:00\" class=\"uagb-post__date\">\n\t\t\t\t<span class=\"dashicons-calendar dashicons\"><\/span>\t\t\t\t\tNovember 15, 2024\t\t\t\t<\/time>\n\t\t\t\t\t\t\t<span class=\"uagb-post__comment\">\n\t\t\t\t<span class=\"dashicons-admin-comments dashicons\"><\/span>\t\t\t\t\tKeine Kommentare\t\t\t\t<\/span>\n\t\t\t\t\t\t<\/div>\n\t\t\t\t\t\t\t<div class='uagb-post__text uagb-post__excerpt'>\n\t\t\t\t\tDas j\u00e4hrliche Gr\u00fcnkohlessen im Kleingartenverein (KGV) ist ein H\u00f6hepunkt im Vereinskalender, der Tradition und Gemeinschaftsgef\u00fchl&#8230;\t\t\t\t<\/div>\n\t\t\t\t\t\t<div class=\"uagb-post__text uagb-post__cta wp-block-button\">\n\t\t\t\t<a class=\"wp-block-button__link uagb-text-link\" style=\"\" href=\"https:\/\/kgv-hohewarte2.de\/?p=2121\" target=\"_self\" rel=\"bookmark noopener noreferrer\">Weiterlesen<\/a>\n\t\t\t<\/div>\n\t\t\t\n\t\t\t\t\t\t\t\t\t<\/article>\n\t\t\t\t\t\t\t\t\t\t\t\t\t\t\t\t<article class=\"uagb-post__inner-wrap\">\t\t\t\t\t\t\t\t<div class='uagb-post__image'>\n\t\t\t\t\t\t\t\t\t<a href=\"https:\/\/kgv-hohewarte2.de\/?p=2226\" target=\"_self\" rel=\"bookmark noopener noreferrer\" class='uagb-image-ratio-inherit'><img loading=\"lazy\" decoding=\"async\" width=\"1024\" height=\"683\" src=\"https:\/\/kgv-hohewarte2.de\/wp-content\/uploads\/2024\/11\/mekht-LSE4Rz_ixvA-unsplash-1024x683.jpg\" class=\"attachment-large size-large\" alt=\"\" srcset=\"https:\/\/kgv-hohewarte2.de\/wp-content\/uploads\/2024\/11\/mekht-LSE4Rz_ixvA-unsplash-1024x683.jpg 1024w, https:\/\/kgv-hohewarte2.de\/wp-content\/uploads\/2024\/11\/mekht-LSE4Rz_ixvA-unsplash-300x200.jpg 300w, https:\/\/kgv-hohewarte2.de\/wp-content\/uploads\/2024\/11\/mekht-LSE4Rz_ixvA-unsplash-768x512.jpg 768w, https:\/\/kgv-hohewarte2.de\/wp-content\/uploads\/2024\/11\/mekht-LSE4Rz_ixvA-unsplash.jpg 1500w\" sizes=\"auto, (max-width: 1024px) 100vw, 1024px\" \/>\t\t\t\t\t<\/a>\n\t\t\t\t\t\t\t<\/div>\n\t\t\t\t\t\t<h4 class=\"uagb-post__title uagb-post__text\">\n\t\t\t\t<a href=\"https:\/\/kgv-hohewarte2.de\/?p=2226\" target=\"_self\" rel=\"bookmark noopener noreferrer\">Winterfester Garten: So sch\u00fctzt du Pflanzen und B\u00f6den in der kalten Jahreszeit<\/a>\n\t\t\t<\/h4>\n\t\t\t\t\t\t<div class='uagb-post__text uagb-post-grid-byline'>\n\t\t\t\t\t\t\t\t<time datetime=\"2024-11-05T21:57:00+00:00\" class=\"uagb-post__date\">\n\t\t\t\t<span class=\"dashicons-calendar dashicons\"><\/span>\t\t\t\t\tNovember 5, 2024\t\t\t\t<\/time>\n\t\t\t\t\t\t\t<span class=\"uagb-post__comment\">\n\t\t\t\t<span class=\"dashicons-admin-comments dashicons\"><\/span>\t\t\t\t\tKeine Kommentare\t\t\t\t<\/span>\n\t\t\t\t\t\t<\/div>\n\t\t\t\t\t\t\t<div class='uagb-post__text uagb-post__excerpt'>\n\t\t\t\t\tEin winterfester Garten ist die beste M\u00f6glichkeit, deine gr\u00fcne Oase optimal auf die kalte Jahreszeit&#8230;\t\t\t\t<\/div>\n\t\t\t\t\t\t<div class=\"uagb-post__text uagb-post__cta wp-block-button\">\n\t\t\t\t<a class=\"wp-block-button__link uagb-text-link\" style=\"\" href=\"https:\/\/kgv-hohewarte2.de\/?p=2226\" target=\"_self\" rel=\"bookmark noopener noreferrer\">Weiterlesen<\/a>\n\t\t\t<\/div>\n\t\t\t\n\t\t\t\t\t\t\t\t\t<\/article>\n\t\t\t\t\t\t\t\t\t\t\t<\/div>\n\t\t\t\n\n\n<div class=\"wp-block-uagb-container uagb-block-87b39ed8 alignfull uagb-is-root-container\"><div class=\"uagb-container-inner-blocks-wrap\">\n<div class=\"wp-block-uagb-container uagb-block-a1cceedf\"><\/div>\n<\/div><\/div>\n\n\n\n<p><\/p>\n","protected":false},"excerpt":{"rendered":"<p>Aktuelles und informatives<\/p>\n","protected":false},"author":1,"featured_media":0,"parent":0,"menu_order":0,"comment_status":"closed","ping_status":"closed","template":"","meta":{"_uag_custom_page_level_css":"","site-sidebar-layout":"no-sidebar","site-content-layout":"plain-container","ast-site-content-layout":"normal-width-container","site-content-style":"unboxed","site-sidebar-style":"unboxed","ast-global-header-display":"","ast-banner-title-visibility":"","ast-main-header-display":"","ast-hfb-above-header-display":"","ast-hfb-below-header-display":"","ast-hfb-mobile-header-display":"","site-post-title":"disabled","ast-breadcrumbs-content":"","ast-featured-img":"disabled","footer-sml-layout":"","ast-disable-related-posts":"","theme-transparent-header-meta":"enabled","adv-header-id-meta":"","stick-header-meta":"","header-above-stick-meta":"","header-main-stick-meta":"","header-below-stick-meta":"","astra-migrate-meta-layouts":"set","ast-page-background-enabled":"default","ast-page-background-meta":{"desktop":{"background-color":"","background-image":"","background-repeat":"repeat","background-position":"center center","background-size":"auto","background-attachment":"scroll","background-type":"","background-media":"","overlay-type":"","overlay-color":"","overlay-opacity":"","overlay-gradient":""},"tablet":{"background-color":"","background-image":"","background-repeat":"repeat","background-position":"center center","background-size":"auto","background-attachment":"scroll","background-type":"","background-media":"","overlay-type":"","overlay-color":"","overlay-opacity":"","overlay-gradient":""},"mobile":{"background-color":"","background-image":"","background-repeat":"repeat","background-position":"center center","background-size":"auto","background-attachment":"scroll","background-type":"","background-media":"","overlay-type":"","overlay-color":"","overlay-opacity":"","overlay-gradient":""}},"ast-content-background-meta":{"desktop":{"background-color":"var(--ast-global-color-5)","background-image":"","background-repeat":"repeat","background-position":"center center","background-size":"auto","background-attachment":"scroll","background-type":"","background-media":"","overlay-type":"","overlay-color":"","overlay-opacity":"","overlay-gradient":""},"tablet":{"background-color":"var(--ast-global-color-5)","background-image":"","background-repeat":"repeat","background-position":"center center","background-size":"auto","background-attachment":"scroll","background-type":"","background-media":"","overlay-type":"","overlay-color":"","overlay-opacity":"","overlay-gradient":""},"mobile":{"background-color":"var(--ast-global-color-5)","background-image":"","background-repeat":"repeat","background-position":"center center","background-size":"auto","background-attachment":"scroll","background-type":"","background-media":"","overlay-type":"","overlay-color":"","overlay-opacity":"","overlay-gradient":""}},"footnotes":""},"class_list":["post-2117","page","type-page","status-publish","hentry"],"uagb_featured_image_src":{"full":false,"thumbnail":false,"medium":false,"medium_large":false,"large":false,"1536x1536":false,"2048x2048":false},"uagb_author_info":{"display_name":"Bj\u00f6rn Raschovsky","author_link":"https:\/\/kgv-hohewarte2.de\/?author=1"},"uagb_comment_info":0,"uagb_excerpt":"Aktuelles und informatives","_links":{"self":[{"href":"https:\/\/kgv-hohewarte2.de\/index.php?rest_route=\/wp\/v2\/pages\/2117","targetHints":{"allow":["GET"]}}],"collection":[{"href":"https:\/\/kgv-hohewarte2.de\/index.php?rest_route=\/wp\/v2\/pages"}],"about":[{"href":"https:\/\/kgv-hohewarte2.de\/index.php?rest_route=\/wp\/v2\/types\/page"}],"author":[{"embeddable":true,"href":"https:\/\/kgv-hohewarte2.de\/index.php?rest_route=\/wp\/v2\/users\/1"}],"replies":[{"embeddable":true,"href":"https:\/\/kgv-hohewarte2.de\/index.php?rest_route=%2Fwp%2Fv2%2Fcomments&post=2117"}],"version-history":[{"count":14,"href":"https:\/\/kgv-hohewarte2.de\/index.php?rest_route=\/wp\/v2\/pages\/2117\/revisions"}],"predecessor-version":[{"id":2547,"href":"https:\/\/kgv-hohewarte2.de\/index.php?rest_route=\/wp\/v2\/pages\/2117\/revisions\/2547"}],"wp:attachment":[{"href":"https:\/\/kgv-hohewarte2.de\/index.php?rest_route=%2Fwp%2Fv2%2Fmedia&parent=2117"}],"curies":[{"name":"wp","href":"https:\/\/api.w.org\/{rel}","templated":true}]}}