{"id":1420,"date":"2024-11-14T10:16:08","date_gmt":"2024-11-14T10:16:08","guid":{"rendered":"https:\/\/kgv-hohewarte2.de\/?page_id=1420"},"modified":"2024-12-16T14:13:18","modified_gmt":"2024-12-16T14:13:18","slug":"about","status":"publish","type":"page","link":"https:\/\/kgv-hohewarte2.de\/?page_id=1420","title":{"rendered":"Wer wir sind&#8230;"},"content":{"rendered":"\n<div class=\"wp-block-uagb-container uagb-block-0826bf41 alignfull uagb-is-root-container\"><div class=\"uagb-container-inner-blocks-wrap\">\n<div class=\"wp-block-uagb-info-box uagb-block-3d17039e uagb-infobox__content-wrap  uagb-infobox-icon-above-title uagb-infobox-image-valign-top\"><div class=\"uagb-ifb-content\"><div class=\"uagb-ifb-title-wrap\"><h1 class=\"uagb-ifb-title\">Wer wir sind&#8230;<\/h1><\/div><p class=\"uagb-ifb-desc\">Wir sind eine Gemeinschaft von Gartenbegeisterten, die die Freude am G\u00e4rtnern und die Liebe zur Natur teilen. Wir bauen unser eigenes Gem\u00fcse, Obst und Kr\u00e4uter an.  F\u00fcr uns geht es aber nicht nur darum zu g\u00e4rtnern, sondern auch um Entspannung, Kreativit\u00e4t und die Verbindung zur Natur. <\/p><\/div><\/div>\n<\/div><\/div>\n\n\n\n<div class=\"wp-block-uagb-container uagb-block-66c6bd49 alignfull uagb-is-root-container\"><div class=\"uagb-container-inner-blocks-wrap\">\n<div class=\"wp-block-uagb-info-box uagb-block-e8c424e2 uagb-infobox__content-wrap  uagb-infobox-icon-above-title uagb-infobox-image-valign-top\"><div class=\"uagb-ifb-content\"><div class=\"uagb-ifb-icon-wrap\"><div class=\"uagb-iconbox-icon-wrap uagb-infobox-shape-circle\"><svg xmlns=\"https:\/\/www.w3.org\/2000\/svg\" viewBox=\"0 0 512 512\"><path d=\"M64 95.1H0c0 123.8 100.3 224 224 224v128C224 465.6 238.4 480 255.1 480S288 465.6 288 448V320C288 196.3 187.7 95.1 64 95.1zM448 32c-84.25 0-157.4 46.5-195.8 115.3c27.75 30.12 48.25 66.88 59 107.5C424 243.1 512 147.9 512 32H448z\"><\/path><\/svg><\/div><\/div><div class=\"uagb-ifb-title-wrap\"><h4 class=\"uagb-ifb-title\"><strong>Mission\u200b<\/strong><\/h4><\/div><p class=\"uagb-ifb-desc\">Unsere Mission ist es, eine Gemeinschaft von Gartenbegeisterten zu schaffen, die ihre Liebe zur Natur und zum Anbau eigener Lebensmittel teilen. <\/p><\/div><\/div>\n\n\n\n<div class=\"wp-block-uagb-info-box uagb-block-8f2844f4 uagb-infobox__content-wrap  uagb-infobox-icon-above-title uagb-infobox-image-valign-top\"><div class=\"uagb-ifb-content\"><div class=\"uagb-ifb-icon-wrap\"><div class=\"uagb-iconbox-icon-wrap uagb-infobox-shape-circle\"><svg xmlns=\"https:\/\/www.w3.org\/2000\/svg\" viewBox=\"0 0 576 512\"><path d=\"M381.2 150.3L524.9 171.5C536.8 173.2 546.8 181.6 550.6 193.1C554.4 204.7 551.3 217.3 542.7 225.9L438.5 328.1L463.1 474.7C465.1 486.7 460.2 498.9 450.2 506C440.3 513.1 427.2 514 416.5 508.3L288.1 439.8L159.8 508.3C149 514 135.9 513.1 126 506C116.1 498.9 111.1 486.7 113.2 474.7L137.8 328.1L33.58 225.9C24.97 217.3 21.91 204.7 25.69 193.1C29.46 181.6 39.43 173.2 51.42 171.5L195 150.3L259.4 17.97C264.7 6.954 275.9-.0391 288.1-.0391C300.4-.0391 311.6 6.954 316.9 17.97L381.2 150.3z\"><\/path><\/svg><\/div><\/div><div class=\"uagb-ifb-title-wrap\"><h4 class=\"uagb-ifb-title\"><strong>Vision<\/strong><\/h4><\/div><p class=\"uagb-ifb-desc\">Unser Ziel ist es, die Leidenschaft f\u00fcr das G\u00e4rtnern zu wecken und Wissen sowie Ressourcen mit Gleichgesinnten auszutauschen.<\/p><\/div><\/div>\n\n\n\n<div class=\"wp-block-uagb-info-box uagb-block-f666b3f8 uagb-infobox__content-wrap  uagb-infobox-icon-above-title uagb-infobox-image-valign-top\"><div class=\"uagb-ifb-content\"><div class=\"uagb-ifb-icon-wrap\"><div class=\"uagb-iconbox-icon-wrap uagb-infobox-shape-circle\"><svg xmlns=\"https:\/\/www.w3.org\/2000\/svg\" viewBox=\"0 0 576 512\"><path d=\"M572.1 82.38C569.5 71.59 559.8 64 548.7 64h-100.8c.2422-12.45 .1078-23.7-.1559-33.02C447.3 13.63 433.2 0 415.8 0H160.2C142.8 0 128.7 13.63 128.2 30.98C127.1 40.3 127.8 51.55 128.1 64H27.26C16.16 64 6.537 71.59 3.912 82.38C3.1 85.78-15.71 167.2 37.07 245.9c37.44 55.82 100.6 95.03 187.5 117.4c18.7 4.805 31.41 22.06 31.41 41.37C256 428.5 236.5 448 212.6 448H208c-26.51 0-47.99 21.49-47.99 48c0 8.836 7.163 16 15.1 16h223.1c8.836 0 15.1-7.164 15.1-16c0-26.51-21.48-48-47.99-48h-4.644c-23.86 0-43.36-19.5-43.36-43.35c0-19.31 12.71-36.57 31.41-41.37c86.96-22.34 150.1-61.55 187.5-117.4C591.7 167.2 572.9 85.78 572.1 82.38zM77.41 219.8C49.47 178.6 47.01 135.7 48.38 112h80.39c5.359 59.62 20.35 131.1 57.67 189.1C137.4 281.6 100.9 254.4 77.41 219.8zM498.6 219.8c-23.44 34.6-59.94 61.75-109 81.22C426.9 243.1 441.9 171.6 447.2 112h80.39C528.1 135.7 526.5 178.7 498.6 219.8z\"><\/path><\/svg><\/div><\/div><div class=\"uagb-ifb-title-wrap\"><h4 class=\"uagb-ifb-title\"><strong>Werte\u200b<\/strong><\/h4><\/div><p class=\"uagb-ifb-desc\">Unsere Werte basieren auf Nachhaltigkeit und Leidenschaft f\u00fcr das G\u00e4rtnern. Wir stehen f\u00fcr den respektvollen Umgang mit der Natur.<\/p><\/div><\/div>\n<\/div><\/div>\n\n\n\n<div class=\"wp-block-uagb-container uagb-block-aec34a8f alignfull uagb-is-root-container\"><div class=\"uagb-container-inner-blocks-wrap\">\n<div class=\"wp-block-uagb-image uagb-block-473f8133 wp-block-uagb-image--layout-default wp-block-uagb-image--effect-static wp-block-uagb-image--align-none\"><figure class=\"wp-block-uagb-image__figure\"><img decoding=\"async\" srcset=\"https:\/\/kgv-hohewarte2.de\/wp-content\/uploads\/2024\/11\/agriculture-6942153_1920-1024x683.jpg ,https:\/\/kgv-hohewarte2.de\/wp-content\/uploads\/2024\/11\/agriculture-6942153_1920.jpg 780w, https:\/\/kgv-hohewarte2.de\/wp-content\/uploads\/2024\/11\/agriculture-6942153_1920.jpg 360w\" sizes=\"auto, (max-width: 480px) 150px\" src=\"https:\/\/kgv-hohewarte2.de\/wp-content\/uploads\/2024\/11\/agriculture-6942153_1920-1024x683.jpg\" alt=\"\" class=\"uag-image-2087\" width=\"1024\" height=\"508\" title=\"agriculture-6942153_1920\" loading=\"lazy\" role=\"img\"\/><\/figure><\/div>\n\n\n\n<div class=\"wp-block-uagb-container uagb-block-a78bda70 alignfull uagb-is-root-container\"><div class=\"uagb-container-inner-blocks-wrap\">\n<div class=\"wp-block-uagb-advanced-heading uagb-block-df932ee5\"><h3 class=\"uagb-heading-text\">Seid \u00fcber 40 Jahren g\u00e4rtnern an der Wakenitz&#8230;<\/h3><\/div>\n\n\n\n<div class=\"wp-block-uagb-advanced-heading uagb-block-449d4209\"><p class=\"uagb-heading-text\">Eingebettet in eine idyllische Umgebung bietet unser Verein nicht nur gepflegte Parzellen f\u00fcr den Gem\u00fcse- und Obstanbau, sondern auch ein Landschaftsschutzgebiet genau neben der Wakenitz, die oft als &#8222;Amazonas des Nordens&#8220; bezeichnet wird.  Der Fluss &#8222;Wakenitz&#8220; l\u00e4dt zum Entspannen, Wandern oder Bootfahren ein und bietet eine perfekte Kulisse f\u00fcr Gartenfreunde, die Naturerlebnisse mit ihrem Hobby verbinden m\u00f6chten.<\/p><\/div>\n<\/div><\/div>\n<\/div><\/div>\n\n\n\n<div class=\"wp-block-uagb-container uagb-block-754672a9 alignfull uagb-is-root-container\"><div class=\"uagb-container-inner-blocks-wrap\">\n<div class=\"wp-block-uagb-info-box uagb-block-f6306aed uagb-infobox__content-wrap  uagb-infobox-icon-above-title uagb-infobox-image-valign-top\"><div class=\"uagb-ifb-content\"><div class=\"uagb-ifb-title-wrap\"><h2 class=\"uagb-ifb-title\">Unser Vorstand<\/h2><\/div><p class=\"uagb-ifb-desc\">Unser Vortand besteht derzeit aus vier Personen.<\/p><div class=\"uagb-ifb-separator\"><\/div><\/div><\/div>\n\n\n\n<div class=\"wp-block-uagb-container uagb-block-2525ec28 alignfull uagb-is-root-container\"><div class=\"uagb-container-inner-blocks-wrap\">\n<div class=\"wp-block-uagb-container uagb-block-5fecf712\">\n<div class=\"wp-block-uagb-info-box uagb-block-8c8d2514 uagb-infobox__content-wrap  uagb-infobox-icon-above-title uagb-infobox-image-valign-top\"><div class=\"uagb-ifb-content\"><div class=\"uagb-ifb-icon-wrap\"><div class=\"uagb-iconbox-icon-wrap uagb-infobox-shape-circle\"><svg xmlns=\"https:\/\/www.w3.org\/2000\/svg\" viewBox=\"0 0 384 512\"><path d=\"M336 0h-288c-26.51 0-48 21.49-48 48v416C0 490.5 21.49 512 48 512h288c26.51 0 48-21.49 48-48v-416C384 21.49 362.5 0 336 0zM192 128c35.35 0 64 28.65 64 64s-28.65 64-64 64S128 227.3 128 192S156.7 128 192 128zM288 384H96c-8.836 0-16-7.164-16-16C80 323.8 115.8 288 160 288h64c44.18 0 80 35.82 80 80C304 376.8 296.8 384 288 384z\"><\/path><\/svg><\/div><\/div><div class=\"uagb-ifb-title-wrap\"><h5 class=\"uagb-ifb-title\">Wolfgang Wentzel<\/h5><\/div><p class=\"uagb-ifb-desc\">1. Vorsitzender<\/p><\/div><\/div>\n<\/div>\n\n\n\n<div class=\"wp-block-uagb-container uagb-block-c0848e45\">\n<div class=\"wp-block-uagb-info-box uagb-block-929f31fd uagb-infobox__content-wrap  uagb-infobox-icon-above-title uagb-infobox-image-valign-top\"><div class=\"uagb-ifb-content\"><div class=\"uagb-ifb-icon-wrap\"><div class=\"uagb-iconbox-icon-wrap uagb-infobox-shape-circle\"><svg xmlns=\"https:\/\/www.w3.org\/2000\/svg\" viewBox=\"0 0 384 512\"><path d=\"M336 0h-288c-26.51 0-48 21.49-48 48v416C0 490.5 21.49 512 48 512h288c26.51 0 48-21.49 48-48v-416C384 21.49 362.5 0 336 0zM192 128c35.35 0 64 28.65 64 64s-28.65 64-64 64S128 227.3 128 192S156.7 128 192 128zM288 384H96c-8.836 0-16-7.164-16-16C80 323.8 115.8 288 160 288h64c44.18 0 80 35.82 80 80C304 376.8 296.8 384 288 384z\"><\/path><\/svg><\/div><\/div><div class=\"uagb-ifb-title-wrap\"><h5 class=\"uagb-ifb-title\">Kerstin G\u00f6rri\u00dfen<\/h5><\/div><p class=\"uagb-ifb-desc\">2. Vorsitzende<\/p><\/div><\/div>\n<\/div>\n\n\n\n<div class=\"wp-block-uagb-container uagb-block-1cdb82ab\">\n<div class=\"wp-block-uagb-info-box uagb-block-742e1113 uagb-infobox__content-wrap  uagb-infobox-icon-above-title uagb-infobox-image-valign-top\"><div class=\"uagb-ifb-content\"><div class=\"uagb-ifb-icon-wrap\"><div class=\"uagb-iconbox-icon-wrap uagb-infobox-shape-circle\"><svg xmlns=\"https:\/\/www.w3.org\/2000\/svg\" viewBox=\"0 0 384 512\"><path d=\"M336 0h-288c-26.51 0-48 21.49-48 48v416C0 490.5 21.49 512 48 512h288c26.51 0 48-21.49 48-48v-416C384 21.49 362.5 0 336 0zM192 128c35.35 0 64 28.65 64 64s-28.65 64-64 64S128 227.3 128 192S156.7 128 192 128zM288 384H96c-8.836 0-16-7.164-16-16C80 323.8 115.8 288 160 288h64c44.18 0 80 35.82 80 80C304 376.8 296.8 384 288 384z\"><\/path><\/svg><\/div><\/div><div class=\"uagb-ifb-title-wrap\"><h5 class=\"uagb-ifb-title\">Lutz Evers<\/h5><\/div><p class=\"uagb-ifb-desc\">Rechnungsf\u00fchrer<\/p><\/div><\/div>\n<\/div>\n\n\n\n<div class=\"wp-block-uagb-container uagb-block-548c82f3\">\n<div class=\"wp-block-uagb-info-box uagb-block-7c8ad9aa uagb-infobox__content-wrap  uagb-infobox-icon-above-title uagb-infobox-image-valign-top\"><div class=\"uagb-ifb-content\"><div class=\"uagb-ifb-icon-wrap\"><div class=\"uagb-iconbox-icon-wrap uagb-infobox-shape-circle\"><svg xmlns=\"https:\/\/www.w3.org\/2000\/svg\" viewBox=\"0 0 384 512\"><path d=\"M336 0h-288c-26.51 0-48 21.49-48 48v416C0 490.5 21.49 512 48 512h288c26.51 0 48-21.49 48-48v-416C384 21.49 362.5 0 336 0zM192 128c35.35 0 64 28.65 64 64s-28.65 64-64 64S128 227.3 128 192S156.7 128 192 128zM288 384H96c-8.836 0-16-7.164-16-16C80 323.8 115.8 288 160 288h64c44.18 0 80 35.82 80 80C304 376.8 296.8 384 288 384z\"><\/path><\/svg><\/div><\/div><div class=\"uagb-ifb-title-wrap\"><h5 class=\"uagb-ifb-title\">Hans Melchior<\/h5><\/div><p class=\"uagb-ifb-desc\">Beisitzender<\/p><\/div><\/div>\n<\/div>\n<\/div><\/div>\n\n\n\n<div class=\"wp-block-uagb-info-box uagb-block-c75811fa uagb-infobox__content-wrap  uagb-infobox-icon-above-title uagb-infobox-image-valign-top\"><div class=\"uagb-ifb-content\"><div class=\"uagb-ifb-title-wrap\"><h2 class=\"uagb-ifb-title\">Unser Verein in Zahlen<\/h2><\/div><p class=\"uagb-ifb-desc\">Ein paar Zahlen und Fakten&#8230;<\/p><div class=\"uagb-ifb-separator\"><\/div><\/div><\/div>\n\n\n\n<div class=\"wp-block-uagb-container uagb-block-037b6545 alignfull uagb-is-root-container\"><div class=\"uagb-container-inner-blocks-wrap\">\n<div class=\"wp-block-uagb-container uagb-block-953d5f6f\"><\/div>\n\n\n\n<div class=\"wp-block-uagb-container uagb-block-9f63e3bf\"><\/div>\n<\/div><\/div>\n\n\n\n<div class=\"wp-block-uagb-container uagb-block-402e51ab alignfull uagb-is-root-container\"><div class=\"uagb-container-inner-blocks-wrap\">\n<div class=\"wp-block-uagb-container uagb-block-76f22d3a\">\n<div class=\"wp-block-uagb-info-box uagb-block-f8ce0b7e uagb-infobox__content-wrap  uagb-infobox-icon-above-title uagb-infobox-image-valign-top\"><div class=\"uagb-ifb-content\"><div class=\"uagb-ifb-title-wrap\"><h2 class=\"uagb-ifb-title\">300<\/h2><\/div><p class=\"uagb-ifb-desc\">G\u00e4rten<\/p><\/div><\/div>\n<\/div>\n\n\n\n<div class=\"wp-block-uagb-container uagb-block-93b7419d\">\n<div class=\"wp-block-uagb-info-box uagb-block-133d486c uagb-infobox__content-wrap  uagb-infobox-icon-above-title uagb-infobox-image-valign-top\"><div class=\"uagb-ifb-content\"><div class=\"uagb-ifb-title-wrap\"><h2 class=\"uagb-ifb-title\">404<\/h2><\/div><p class=\"uagb-ifb-desc\">Mitglieder<\/p><\/div><\/div>\n<\/div>\n\n\n\n<div class=\"wp-block-uagb-container uagb-block-1dc66e3d\">\n<div class=\"wp-block-uagb-info-box uagb-block-12146faf uagb-infobox__content-wrap  uagb-infobox-icon-above-title uagb-infobox-image-valign-top\"><div class=\"uagb-ifb-content\"><div class=\"uagb-ifb-title-wrap\"><h2 class=\"uagb-ifb-title\">1460<\/h2><\/div><p class=\"uagb-ifb-desc\">B\u00e4ume<\/p><\/div><\/div>\n<\/div>\n\n\n\n<div class=\"wp-block-uagb-container uagb-block-96e26730\">\n<div class=\"wp-block-uagb-info-box uagb-block-9426c972 uagb-infobox__content-wrap  uagb-infobox-icon-above-title uagb-infobox-image-valign-top\"><div class=\"uagb-ifb-content\"><div class=\"uagb-ifb-title-wrap\"><h2 class=\"uagb-ifb-title\">1957<\/h2><\/div><p class=\"uagb-ifb-desc\">Gr\u00fcndung<\/p><\/div><\/div>\n<\/div>\n<\/div><\/div>\n<\/div><\/div>\n\n\n\n<div class=\"wp-block-uagb-container uagb-block-a6307ff9 alignfull uagb-is-root-container\"><div class=\"uagb-container-inner-blocks-wrap\">\n<div class=\"wp-block-uagb-info-box uagb-block-5fee5346 uagb-infobox__content-wrap  uagb-infobox-icon-above-title uagb-infobox-image-valign-top\"><div class=\"uagb-ifb-content\"><div class=\"uagb-ifb-title-wrap\"><h2 class=\"uagb-ifb-title\">Aktuelles und viel Infos<br>rund um Deinen Garten&#8230;<\/h2><\/div><div class=\"uagb-ifb-separator\"><\/div><p class=\"uagb-ifb-desc\">Weitere Tipps und Informationen rund um die Themen Gartenpflege, Flora &amp; Fauna und alles was unseren Gartenverein betrifft findest Du unter\u2026<\/p><div class=\"uagb-ifb-button-wrapper wp-block-button\"><a href=\"https:\/\/kgv-hohewarte2.de\/?page_id=2117\" class=\"uagb-infobox-cta-link wp-block-button__link\" target=\"_self\" rel=\"noopener noreferrer\" onclick=\"return true;\"><span class=\"uagb-inline-editing\">AKTUELLES<\/span><\/a><\/div><\/div><\/div>\n<\/div><\/div>\n","protected":false},"excerpt":{"rendered":"<p>Seid \u00fcber 40 Jahren g\u00e4rtnern an der Wakenitz&#8230; Eingebettet in eine idyllische Umgebung bietet unser Verein nicht nur gepflegte Parzellen f\u00fcr den Gem\u00fcse- und Obstanbau, sondern auch ein Landschaftsschutzgebiet genau neben der Wakenitz, die oft als &#8222;Amazonas des Nordens&#8220; bezeichnet wird. Der Fluss &#8222;Wakenitz&#8220; l\u00e4dt zum Entspannen, Wandern oder Bootfahren ein und bietet eine perfekte [&hellip;]<\/p>\n","protected":false},"author":1,"featured_media":0,"parent":0,"menu_order":0,"comment_status":"closed","ping_status":"closed","template":"","meta":{"_uag_custom_page_level_css":"","site-sidebar-layout":"no-sidebar","site-content-layout":"plain-container","ast-site-content-layout":"normal-width-container","site-content-style":"unboxed","site-sidebar-style":"unboxed","ast-global-header-display":"","ast-banner-title-visibility":"","ast-main-header-display":"","ast-hfb-above-header-display":"","ast-hfb-below-header-display":"","ast-hfb-mobile-header-display":"","site-post-title":"disabled","ast-breadcrumbs-content":"","ast-featured-img":"disabled","footer-sml-layout":"","ast-disable-related-posts":"","theme-transparent-header-meta":"enabled","adv-header-id-meta":"","stick-header-meta":"","header-above-stick-meta":"","header-main-stick-meta":"","header-below-stick-meta":"","astra-migrate-meta-layouts":"set","ast-page-background-enabled":"default","ast-page-background-meta":{"desktop":{"background-color":"","background-image":"","background-repeat":"repeat","background-position":"center center","background-size":"auto","background-attachment":"scroll","background-type":"","background-media":"","overlay-type":"","overlay-color":"","overlay-opacity":"","overlay-gradient":""},"tablet":{"background-color":"","background-image":"","background-repeat":"repeat","background-position":"center center","background-size":"auto","background-attachment":"scroll","background-type":"","background-media":"","overlay-type":"","overlay-color":"","overlay-opacity":"","overlay-gradient":""},"mobile":{"background-color":"","background-image":"","background-repeat":"repeat","background-position":"center center","background-size":"auto","background-attachment":"scroll","background-type":"","background-media":"","overlay-type":"","overlay-color":"","overlay-opacity":"","overlay-gradient":""}},"ast-content-background-meta":{"desktop":{"background-color":"var(--ast-global-color-5)","background-image":"","background-repeat":"repeat","background-position":"center center","background-size":"auto","background-attachment":"scroll","background-type":"","background-media":"","overlay-type":"","overlay-color":"","overlay-opacity":"","overlay-gradient":""},"tablet":{"background-color":"var(--ast-global-color-5)","background-image":"","background-repeat":"repeat","background-position":"center center","background-size":"auto","background-attachment":"scroll","background-type":"","background-media":"","overlay-type":"","overlay-color":"","overlay-opacity":"","overlay-gradient":""},"mobile":{"background-color":"var(--ast-global-color-5)","background-image":"","background-repeat":"repeat","background-position":"center center","background-size":"auto","background-attachment":"scroll","background-type":"","background-media":"","overlay-type":"","overlay-color":"","overlay-opacity":"","overlay-gradient":""}},"footnotes":""},"class_list":["post-1420","page","type-page","status-publish","hentry"],"uagb_featured_image_src":{"full":false,"thumbnail":false,"medium":false,"medium_large":false,"large":false,"1536x1536":false,"2048x2048":false},"uagb_author_info":{"display_name":"Bj\u00f6rn Raschovsky","author_link":"https:\/\/kgv-hohewarte2.de\/?author=1"},"uagb_comment_info":0,"uagb_excerpt":"Seid \u00fcber 40 Jahren g\u00e4rtnern an der Wakenitz&#8230; Eingebettet in eine idyllische Umgebung bietet unser Verein nicht nur gepflegte Parzellen f\u00fcr den Gem\u00fcse- und Obstanbau, sondern auch ein Landschaftsschutzgebiet genau neben der Wakenitz, die oft als &#8222;Amazonas des Nordens&#8220; bezeichnet wird. Der Fluss &#8222;Wakenitz&#8220; l\u00e4dt zum Entspannen, Wandern oder Bootfahren ein und bietet eine perfekte&hellip;","_links":{"self":[{"href":"https:\/\/kgv-hohewarte2.de\/index.php?rest_route=\/wp\/v2\/pages\/1420","targetHints":{"allow":["GET"]}}],"collection":[{"href":"https:\/\/kgv-hohewarte2.de\/index.php?rest_route=\/wp\/v2\/pages"}],"about":[{"href":"https:\/\/kgv-hohewarte2.de\/index.php?rest_route=\/wp\/v2\/types\/page"}],"author":[{"embeddable":true,"href":"https:\/\/kgv-hohewarte2.de\/index.php?rest_route=\/wp\/v2\/users\/1"}],"replies":[{"embeddable":true,"href":"https:\/\/kgv-hohewarte2.de\/index.php?rest_route=%2Fwp%2Fv2%2Fcomments&post=1420"}],"version-history":[{"count":22,"href":"https:\/\/kgv-hohewarte2.de\/index.php?rest_route=\/wp\/v2\/pages\/1420\/revisions"}],"predecessor-version":[{"id":2409,"href":"https:\/\/kgv-hohewarte2.de\/index.php?rest_route=\/wp\/v2\/pages\/1420\/revisions\/2409"}],"wp:attachment":[{"href":"https:\/\/kgv-hohewarte2.de\/index.php?rest_route=%2Fwp%2Fv2%2Fmedia&parent=1420"}],"curies":[{"name":"wp","href":"https:\/\/api.w.org\/{rel}","templated":true}]}}