{"id":13,"date":"2024-11-14T10:16:08","date_gmt":"2024-11-14T10:16:08","guid":{"rendered":"https:\/\/kgv-hohewarte2.de\/?page_id=13"},"modified":"2026-05-12T06:23:38","modified_gmt":"2026-05-12T06:23:38","slug":"contact","status":"publish","type":"page","link":"https:\/\/kgv-hohewarte2.de\/?page_id=13","title":{"rendered":"Kontakt"},"content":{"rendered":"\n<div class=\"wp-block-uagb-container uagb-block-35183932 alignfull uagb-is-root-container\"><div class=\"uagb-container-inner-blocks-wrap\">\n<div class=\"wp-block-uagb-info-box uagb-block-1beeb66e uagb-infobox__content-wrap  uagb-infobox-icon-above-title uagb-infobox-image-valign-top\"><div class=\"uagb-ifb-content\"><div class=\"uagb-ifb-title-wrap\"><h1 class=\"uagb-ifb-title\">Kontakt<\/h1><\/div><p class=\"uagb-ifb-desc\">Wir freuen uns auf Eure Fragen und Feedback \u00fcber diese Seite.<\/p><\/div><\/div>\n<\/div><\/div>\n\n\n\n<div class=\"wp-block-uagb-container uagb-block-74402bab alignfull uagb-is-root-container\"><div class=\"uagb-container-inner-blocks-wrap\">\n<div class=\"wp-block-uagb-advanced-heading uagb-block-a04771d1\"><h2 class=\"uagb-heading-text\">Kontakt aufnehmen &#8211; So geht&#8217;s&#8230;<\/h2><\/div>\n\n\n\n<p class=\"has-medium-font-size\"><strong>Unsere \u00d6ffnungszeiten bzw. Sprechzeiten sind jeden 4. Samstag im Monat von 11:00\u201313:00 Uhr.<\/strong><br><br><strong>Adresse:<\/strong><br>KGV-Hohewarte II<br>Apfelweg 112<br>23564 L\u00fcbeck<br><br><strong>Telefonnummern unserer Vorstandsmitglieder<\/strong><br>Wolfgang Wentzel: 0179 1517369<br>Kerstin G\u00f6rri\u00dfen: 0179 1517588<br>Lutz Evers: 0179 1517637<br>Festnetz: 0451\/61918987<br><br><strong>Kontakt via E-Mail:<\/strong><br><a>kgv.hohewarte-2@t-online.de<\/a> und <a>info@kgv-hohewarte2.de<\/a><br><br><strong>Gibt es eine WhatsApp Gruppe?<\/strong><br>Ja, die gibt es, allerdings nur f\u00fcr Mitglieder. Kurze Nachricht mit Namen und Gartennummer an 0171 9144868 senden und schon bist Du dabei. <br><br><strong>Google Maps<\/strong><br>Und so findet Ihr uns \u00fcber Google Maps: <strong><a href=\"https:\/\/maps.app.goo.gl\/7D6ihAuB14DVami86\">https:\/\/maps.app.goo.gl\/7D6ihAuB14DVami86<\/a><br><\/strong><\/p>\n\n\n\t\t\t<div \n\t\t\tclass=\"wp-block-uagb-google-map uagb-google-map__wrap uagb-block-8aa32429     \"\n\t\t\tstyle=\"\" >\n\t\t\t\t<embed\n\t\t\t\t\tclass=\"uagb-google-map__iframe\"\n\t\t\t\t\ttitle=\"Google Map for \"\n\t\t\t\t\tsrc=\"https:\/\/maps.google.com\/maps?q=Kleing%C3%A4rtnerverein%20Hohewarte%20II%20Hohewarte%20Apfelweg%20112%2C%2023564%20L%C3%BCbeck14DVami86&#038;z=12&#038;hl=en&#038;t=m&#038;output=embed&#038;iwloc=near\"\n\t\t\t\t\twidth=\"640\"\n\t\t\t\t\theight=\"300\"\n\t\t\t\t\tloading=\"lazy\"\n\t\t\t\t><\/embed>\n\t\t\t<\/div>\n\t\t\t\n\n\n<p><\/p>\n\n\n\n<p><\/p>\n\n\n\n<p><\/p>\n<\/div><\/div>\n\n\n\n<p><\/p>\n","protected":false},"excerpt":{"rendered":"<p>Kontakt aufnehmen &#8211; So geht&#8217;s&#8230; Unsere \u00d6ffnungszeiten bzw. Sprechzeiten sind jeden 4. Samstag im Monat von 11:00\u201313:00 Uhr. Adresse:KGV-Hohewarte IIApfelweg 11223564 L\u00fcbeck Telefonnummern unserer VorstandsmitgliederWolfgang Wentzel: 0179 1517369Kerstin G\u00f6rri\u00dfen: 0179 1517588Lutz Evers: 0179 1517637Festnetz: 0451\/61918987 Kontakt via E-Mail:kgv.hohewarte-2@t-online.de und info@kgv-hohewarte2.de Gibt es eine WhatsApp Gruppe?Ja, die gibt es, allerdings nur f\u00fcr Mitglieder. Kurze Nachricht mit [&hellip;]<\/p>\n","protected":false},"author":1,"featured_media":0,"parent":0,"menu_order":0,"comment_status":"closed","ping_status":"closed","template":"","meta":{"_uag_custom_page_level_css":"","site-sidebar-layout":"no-sidebar","site-content-layout":"plain-container","ast-site-content-layout":"normal-width-container","site-content-style":"unboxed","site-sidebar-style":"unboxed","ast-global-header-display":"","ast-banner-title-visibility":"","ast-main-header-display":"","ast-hfb-above-header-display":"","ast-hfb-below-header-display":"","ast-hfb-mobile-header-display":"","site-post-title":"disabled","ast-breadcrumbs-content":"","ast-featured-img":"disabled","footer-sml-layout":"","ast-disable-related-posts":"","theme-transparent-header-meta":"enabled","adv-header-id-meta":"","stick-header-meta":"","header-above-stick-meta":"","header-main-stick-meta":"","header-below-stick-meta":"","astra-migrate-meta-layouts":"set","ast-page-background-enabled":"default","ast-page-background-meta":{"desktop":{"background-color":"","background-image":"","background-repeat":"repeat","background-position":"center center","background-size":"auto","background-attachment":"scroll","background-type":"","background-media":"","overlay-type":"","overlay-color":"","overlay-opacity":"","overlay-gradient":""},"tablet":{"background-color":"","background-image":"","background-repeat":"repeat","background-position":"center center","background-size":"auto","background-attachment":"scroll","background-type":"","background-media":"","overlay-type":"","overlay-color":"","overlay-opacity":"","overlay-gradient":""},"mobile":{"background-color":"","background-image":"","background-repeat":"repeat","background-position":"center center","background-size":"auto","background-attachment":"scroll","background-type":"","background-media":"","overlay-type":"","overlay-color":"","overlay-opacity":"","overlay-gradient":""}},"ast-content-background-meta":{"desktop":{"background-color":"var(--ast-global-color-5)","background-image":"","background-repeat":"repeat","background-position":"center center","background-size":"auto","background-attachment":"scroll","background-type":"","background-media":"","overlay-type":"","overlay-color":"","overlay-opacity":"","overlay-gradient":""},"tablet":{"background-color":"var(--ast-global-color-5)","background-image":"","background-repeat":"repeat","background-position":"center center","background-size":"auto","background-attachment":"scroll","background-type":"","background-media":"","overlay-type":"","overlay-color":"","overlay-opacity":"","overlay-gradient":""},"mobile":{"background-color":"var(--ast-global-color-5)","background-image":"","background-repeat":"repeat","background-position":"center center","background-size":"auto","background-attachment":"scroll","background-type":"","background-media":"","overlay-type":"","overlay-color":"","overlay-opacity":"","overlay-gradient":""}},"footnotes":""},"class_list":["post-13","page","type-page","status-publish","hentry"],"uagb_featured_image_src":{"full":false,"thumbnail":false,"medium":false,"medium_large":false,"large":false,"1536x1536":false,"2048x2048":false},"uagb_author_info":{"display_name":"Bj\u00f6rn Raschovsky","author_link":"https:\/\/kgv-hohewarte2.de\/?author=1"},"uagb_comment_info":0,"uagb_excerpt":"Kontakt aufnehmen &#8211; So geht&#8217;s&#8230; Unsere \u00d6ffnungszeiten bzw. Sprechzeiten sind jeden 4. Samstag im Monat von 11:00\u201313:00 Uhr. Adresse:KGV-Hohewarte IIApfelweg 11223564 L\u00fcbeck Telefonnummern unserer VorstandsmitgliederWolfgang Wentzel: 0179 1517369Kerstin G\u00f6rri\u00dfen: 0179 1517588Lutz Evers: 0179 1517637Festnetz: 0451\/61918987 Kontakt via E-Mail:kgv.hohewarte-2@t-online.de und info@kgv-hohewarte2.de Gibt es eine WhatsApp Gruppe?Ja, die gibt es, allerdings nur f\u00fcr Mitglieder. Kurze Nachricht mit&hellip;","_links":{"self":[{"href":"https:\/\/kgv-hohewarte2.de\/index.php?rest_route=\/wp\/v2\/pages\/13","targetHints":{"allow":["GET"]}}],"collection":[{"href":"https:\/\/kgv-hohewarte2.de\/index.php?rest_route=\/wp\/v2\/pages"}],"about":[{"href":"https:\/\/kgv-hohewarte2.de\/index.php?rest_route=\/wp\/v2\/types\/page"}],"author":[{"embeddable":true,"href":"https:\/\/kgv-hohewarte2.de\/index.php?rest_route=\/wp\/v2\/users\/1"}],"replies":[{"embeddable":true,"href":"https:\/\/kgv-hohewarte2.de\/index.php?rest_route=%2Fwp%2Fv2%2Fcomments&post=13"}],"version-history":[{"count":25,"href":"https:\/\/kgv-hohewarte2.de\/index.php?rest_route=\/wp\/v2\/pages\/13\/revisions"}],"predecessor-version":[{"id":2525,"href":"https:\/\/kgv-hohewarte2.de\/index.php?rest_route=\/wp\/v2\/pages\/13\/revisions\/2525"}],"wp:attachment":[{"href":"https:\/\/kgv-hohewarte2.de\/index.php?rest_route=%2Fwp%2Fv2%2Fmedia&parent=13"}],"curies":[{"name":"wp","href":"https:\/\/api.w.org\/{rel}","templated":true}]}}